{"id":305,"date":"2026-03-23T18:21:27","date_gmt":"2026-03-23T18:21:27","guid":{"rendered":"https:\/\/remolquestocina.com\/?post_type=product&#038;p=305"},"modified":"2026-03-23T18:58:42","modified_gmt":"2026-03-23T18:58:42","slug":"remolque-caja-cerrada-2","status":"publish","type":"product","link":"https:\/\/remolquestocina.com\/?product=remolque-caja-cerrada-2","title":{"rendered":"Remolque caja cerrada 2 ejes"},"content":{"rendered":"","protected":false},"excerpt":{"rendered":"<p data-start=\"60\" data-end=\"119\"><strong data-start=\"60\" data-end=\"119\">Remolque de Gran Capacidad \u2013 Robusto, Seguro y Vers\u00e1til<\/strong><\/p>\n<p data-start=\"121\" data-end=\"233\">Remolque dise\u00f1ado para transportar carga voluminosa con total seguridad, ideal para uso profesional o intensivo.<\/p>\n<p data-start=\"235\" data-end=\"267\"><strong data-start=\"235\" data-end=\"267\">Caracter\u00edsticas principales:<\/strong><\/p>\n<ul data-start=\"268\" data-end=\"606\">\n<li data-section-id=\"o9yqnq\" data-start=\"268\" data-end=\"333\">Medidas: <strong data-start=\"279\" data-end=\"333\">210 cm de largo x 130 cm de ancho x 120 cm de alto<\/strong><\/li>\n<li data-section-id=\"1owyo20\" data-start=\"334\" data-end=\"401\"><strong data-start=\"336\" data-end=\"359\">Doble eje con freno<\/strong>, mayor estabilidad y control en carretera<\/li>\n<li data-section-id=\"9sg18z\" data-start=\"402\" data-end=\"433\">Capacidad por eje: <strong data-start=\"423\" data-end=\"433\">750 kg<\/strong><\/li>\n<li data-section-id=\"18tn13x\" data-start=\"434\" data-end=\"469\"><strong data-start=\"436\" data-end=\"469\">Enganche con freno de 1600 kg<\/strong><\/li>\n<li data-section-id=\"qz1q8j\" data-start=\"470\" data-end=\"520\"><strong data-start=\"472\" data-end=\"497\">Rueda jockey de 48 mm<\/strong> para maniobras c\u00f3modas<\/li>\n<li data-section-id=\"13keado\" data-start=\"521\" data-end=\"537\"><strong data-start=\"523\" data-end=\"537\">Ruedas R13<\/strong><\/li>\n<li data-section-id=\"1fflwm8\" data-start=\"538\" data-end=\"570\"><strong data-start=\"540\" data-end=\"570\">Rueda de repuesto incluida<\/strong><\/li>\n<li data-section-id=\"kx2pi2\" data-start=\"571\" data-end=\"606\"><strong data-start=\"573\" data-end=\"606\">Conexi\u00f3n el\u00e9ctrica de 7 pines<\/strong><\/li>\n<\/ul>\n<p data-start=\"608\" data-end=\"706\">Una opci\u00f3n resistente y fiable para quienes necesitan un remolque preparado para cargas exigentes.<\/p>\n","protected":false},"featured_media":110,"comment_status":"open","ping_status":"closed","template":"","meta":{"_seopress_robots_primary_cat":"none","_seopress_titles_title":"","_seopress_titles_desc":"","_seopress_robots_index":""},"product_brand":[],"product_cat":[24],"product_tag":[],"class_list":{"0":"post-305","1":"product","2":"type-product","3":"status-publish","4":"has-post-thumbnail","6":"product_cat-remolques","8":"first","9":"instock","10":"shipping-taxable","11":"product-type-simple"},"yoast_head":"<!-- This site is optimized with the Yoast SEO plugin v27.2 - https:\/\/yoast.com\/product\/yoast-seo-wordpress\/ -->\n<title>Remolque caja cerrada 2 ejes - Remolques Tocina<\/title>\n<meta name=\"robots\" content=\"index, follow, max-snippet:-1, max-image-preview:large, max-video-preview:-1\" \/>\n<link rel=\"canonical\" href=\"http:\/\/remolquestocina.com\/?product=remolque-caja-cerrada-2\" \/>\n<meta property=\"og:locale\" content=\"es_ES\" \/>\n<meta property=\"og:type\" content=\"article\" \/>\n<meta property=\"og:title\" content=\"Remolque caja cerrada 2 ejes - Remolques Tocina\" \/>\n<meta property=\"og:description\" content=\"Remolque de Gran Capacidad \u2013 Robusto, Seguro y Vers\u00e1til Remolque dise\u00f1ado para transportar carga voluminosa con total seguridad, ideal para uso profesional o intensivo. Caracter\u00edsticas principales:    Medidas: 210 cm de largo x 130 cm de ancho x 120 cm de alto  Doble eje con freno, mayor estabilidad y control en carretera  Capacidad por eje: 750 kg  Enganche con freno de 1600 kg  Rueda jockey de 48 mm para maniobras c\u00f3modas  Ruedas R13  Rueda de repuesto incluida  Conexi\u00f3n el\u00e9ctrica de 7 pines  Una opci\u00f3n resistente y fiable para quienes necesitan un remolque preparado para cargas exigentes.\" \/>\n<meta property=\"og:url\" content=\"http:\/\/remolquestocina.com\/?product=remolque-caja-cerrada-2\" \/>\n<meta property=\"og:site_name\" content=\"Remolques Tocina\" \/>\n<meta property=\"article:modified_time\" content=\"2026-03-23T18:58:42+00:00\" \/>\n<meta property=\"og:image\" content=\"http:\/\/remolquestocina.com\/wp-content\/uploads\/2026\/03\/Remolque-2-ejes-gris-scaled.webp\" \/>\n\t<meta property=\"og:image:width\" content=\"1920\" \/>\n\t<meta property=\"og:image:height\" content=\"2560\" \/>\n\t<meta property=\"og:image:type\" content=\"image\/webp\" \/>\n<meta name=\"twitter:card\" content=\"summary_large_image\" \/>\n<meta name=\"twitter:label1\" content=\"Tiempo de lectura\" \/>\n\t<meta name=\"twitter:data1\" content=\"1 minuto\" \/>\n<script type=\"application\/ld+json\" class=\"yoast-schema-graph\">{\"@context\":\"https:\/\/schema.org\",\"@graph\":[{\"@type\":\"WebPage\",\"@id\":\"http:\/\/remolquestocina.com\/?product=remolque-caja-cerrada-2\",\"url\":\"http:\/\/remolquestocina.com\/?product=remolque-caja-cerrada-2\",\"name\":\"Remolque caja cerrada 2 ejes - Remolques Tocina\",\"isPartOf\":{\"@id\":\"https:\/\/remolquestocina.com\/#website\"},\"primaryImageOfPage\":{\"@id\":\"http:\/\/remolquestocina.com\/?product=remolque-caja-cerrada-2#primaryimage\"},\"image\":{\"@id\":\"http:\/\/remolquestocina.com\/?product=remolque-caja-cerrada-2#primaryimage\"},\"thumbnailUrl\":\"https:\/\/remolquestocina.com\/wp-content\/uploads\/2026\/03\/Remolque-2-ejes-gris-scaled.webp\",\"datePublished\":\"2026-03-23T18:21:27+00:00\",\"dateModified\":\"2026-03-23T18:58:42+00:00\",\"breadcrumb\":{\"@id\":\"http:\/\/remolquestocina.com\/?product=remolque-caja-cerrada-2#breadcrumb\"},\"inLanguage\":\"es\",\"potentialAction\":[{\"@type\":\"ReadAction\",\"target\":[\"http:\/\/remolquestocina.com\/?product=remolque-caja-cerrada-2\"]}]},{\"@type\":\"ImageObject\",\"inLanguage\":\"es\",\"@id\":\"http:\/\/remolquestocina.com\/?product=remolque-caja-cerrada-2#primaryimage\",\"url\":\"https:\/\/remolquestocina.com\/wp-content\/uploads\/2026\/03\/Remolque-2-ejes-gris-scaled.webp\",\"contentUrl\":\"https:\/\/remolquestocina.com\/wp-content\/uploads\/2026\/03\/Remolque-2-ejes-gris-scaled.webp\",\"width\":1920,\"height\":2560},{\"@type\":\"BreadcrumbList\",\"@id\":\"http:\/\/remolquestocina.com\/?product=remolque-caja-cerrada-2#breadcrumb\",\"itemListElement\":[{\"@type\":\"ListItem\",\"position\":1,\"name\":\"Portada\",\"item\":\"https:\/\/remolquestocina.com\/\"},{\"@type\":\"ListItem\",\"position\":2,\"name\":\"Productos Categor\u00eda\",\"item\":\"https:\/\/remolquestocina.com\/?page_id=460\"},{\"@type\":\"ListItem\",\"position\":3,\"name\":\"Remolque caja cerrada 2 ejes\"}]},{\"@type\":\"WebSite\",\"@id\":\"https:\/\/remolquestocina.com\/#website\",\"url\":\"https:\/\/remolquestocina.com\/\",\"name\":\"Remolques Tocina\",\"description\":\"Remolque de todo tipo a medida\",\"publisher\":{\"@id\":\"https:\/\/remolquestocina.com\/#organization\"},\"potentialAction\":[{\"@type\":\"SearchAction\",\"target\":{\"@type\":\"EntryPoint\",\"urlTemplate\":\"https:\/\/remolquestocina.com\/?s={search_term_string}\"},\"query-input\":{\"@type\":\"PropertyValueSpecification\",\"valueRequired\":true,\"valueName\":\"search_term_string\"}}],\"inLanguage\":\"es\"},{\"@type\":\"Organization\",\"@id\":\"https:\/\/remolquestocina.com\/#organization\",\"name\":\"Remolques Tocina\",\"url\":\"https:\/\/remolquestocina.com\/\",\"logo\":{\"@type\":\"ImageObject\",\"inLanguage\":\"es\",\"@id\":\"https:\/\/remolquestocina.com\/#\/schema\/logo\/image\/\",\"url\":\"http:\/\/remolquestocina.com\/wp-content\/uploads\/2026\/03\/LogoFavicon.webp\",\"contentUrl\":\"http:\/\/remolquestocina.com\/wp-content\/uploads\/2026\/03\/LogoFavicon.webp\",\"width\":740,\"height\":740,\"caption\":\"Remolques Tocina\"},\"image\":{\"@id\":\"https:\/\/remolquestocina.com\/#\/schema\/logo\/image\/\"},\"sameAs\":[\"https:\/\/www.instagram.com\/remolquestocina\/\"]}]}<\/script>\n<!-- \/ Yoast SEO plugin. -->","yoast_head_json":{"title":"Remolque caja cerrada 2 ejes - Remolques Tocina","robots":{"index":"index","follow":"follow","max-snippet":"max-snippet:-1","max-image-preview":"max-image-preview:large","max-video-preview":"max-video-preview:-1"},"canonical":"http:\/\/remolquestocina.com\/?product=remolque-caja-cerrada-2","og_locale":"es_ES","og_type":"article","og_title":"Remolque caja cerrada 2 ejes - Remolques Tocina","og_description":"Remolque de Gran Capacidad \u2013 Robusto, Seguro y Vers\u00e1til Remolque dise\u00f1ado para transportar carga voluminosa con total seguridad, ideal para uso profesional o intensivo. Caracter\u00edsticas principales:    Medidas: 210 cm de largo x 130 cm de ancho x 120 cm de alto  Doble eje con freno, mayor estabilidad y control en carretera  Capacidad por eje: 750 kg  Enganche con freno de 1600 kg  Rueda jockey de 48 mm para maniobras c\u00f3modas  Ruedas R13  Rueda de repuesto incluida  Conexi\u00f3n el\u00e9ctrica de 7 pines  Una opci\u00f3n resistente y fiable para quienes necesitan un remolque preparado para cargas exigentes.","og_url":"http:\/\/remolquestocina.com\/?product=remolque-caja-cerrada-2","og_site_name":"Remolques Tocina","article_modified_time":"2026-03-23T18:58:42+00:00","og_image":[{"width":1920,"height":2560,"url":"http:\/\/remolquestocina.com\/wp-content\/uploads\/2026\/03\/Remolque-2-ejes-gris-scaled.webp","type":"image\/webp"}],"twitter_card":"summary_large_image","twitter_misc":{"Tiempo de lectura":"1 minuto"},"schema":{"@context":"https:\/\/schema.org","@graph":[{"@type":"WebPage","@id":"http:\/\/remolquestocina.com\/?product=remolque-caja-cerrada-2","url":"http:\/\/remolquestocina.com\/?product=remolque-caja-cerrada-2","name":"Remolque caja cerrada 2 ejes - Remolques Tocina","isPartOf":{"@id":"https:\/\/remolquestocina.com\/#website"},"primaryImageOfPage":{"@id":"http:\/\/remolquestocina.com\/?product=remolque-caja-cerrada-2#primaryimage"},"image":{"@id":"http:\/\/remolquestocina.com\/?product=remolque-caja-cerrada-2#primaryimage"},"thumbnailUrl":"https:\/\/remolquestocina.com\/wp-content\/uploads\/2026\/03\/Remolque-2-ejes-gris-scaled.webp","datePublished":"2026-03-23T18:21:27+00:00","dateModified":"2026-03-23T18:58:42+00:00","breadcrumb":{"@id":"http:\/\/remolquestocina.com\/?product=remolque-caja-cerrada-2#breadcrumb"},"inLanguage":"es","potentialAction":[{"@type":"ReadAction","target":["http:\/\/remolquestocina.com\/?product=remolque-caja-cerrada-2"]}]},{"@type":"ImageObject","inLanguage":"es","@id":"http:\/\/remolquestocina.com\/?product=remolque-caja-cerrada-2#primaryimage","url":"https:\/\/remolquestocina.com\/wp-content\/uploads\/2026\/03\/Remolque-2-ejes-gris-scaled.webp","contentUrl":"https:\/\/remolquestocina.com\/wp-content\/uploads\/2026\/03\/Remolque-2-ejes-gris-scaled.webp","width":1920,"height":2560},{"@type":"BreadcrumbList","@id":"http:\/\/remolquestocina.com\/?product=remolque-caja-cerrada-2#breadcrumb","itemListElement":[{"@type":"ListItem","position":1,"name":"Portada","item":"https:\/\/remolquestocina.com\/"},{"@type":"ListItem","position":2,"name":"Productos Categor\u00eda","item":"https:\/\/remolquestocina.com\/?page_id=460"},{"@type":"ListItem","position":3,"name":"Remolque caja cerrada 2 ejes"}]},{"@type":"WebSite","@id":"https:\/\/remolquestocina.com\/#website","url":"https:\/\/remolquestocina.com\/","name":"Remolques Tocina","description":"Remolque de todo tipo a medida","publisher":{"@id":"https:\/\/remolquestocina.com\/#organization"},"potentialAction":[{"@type":"SearchAction","target":{"@type":"EntryPoint","urlTemplate":"https:\/\/remolquestocina.com\/?s={search_term_string}"},"query-input":{"@type":"PropertyValueSpecification","valueRequired":true,"valueName":"search_term_string"}}],"inLanguage":"es"},{"@type":"Organization","@id":"https:\/\/remolquestocina.com\/#organization","name":"Remolques Tocina","url":"https:\/\/remolquestocina.com\/","logo":{"@type":"ImageObject","inLanguage":"es","@id":"https:\/\/remolquestocina.com\/#\/schema\/logo\/image\/","url":"http:\/\/remolquestocina.com\/wp-content\/uploads\/2026\/03\/LogoFavicon.webp","contentUrl":"http:\/\/remolquestocina.com\/wp-content\/uploads\/2026\/03\/LogoFavicon.webp","width":740,"height":740,"caption":"Remolques Tocina"},"image":{"@id":"https:\/\/remolquestocina.com\/#\/schema\/logo\/image\/"},"sameAs":["https:\/\/www.instagram.com\/remolquestocina\/"]}]}},"_links":{"self":[{"href":"https:\/\/remolquestocina.com\/index.php?rest_route=\/wp\/v2\/product\/305","targetHints":{"allow":["GET"]}}],"collection":[{"href":"https:\/\/remolquestocina.com\/index.php?rest_route=\/wp\/v2\/product"}],"about":[{"href":"https:\/\/remolquestocina.com\/index.php?rest_route=\/wp\/v2\/types\/product"}],"replies":[{"embeddable":true,"href":"https:\/\/remolquestocina.com\/index.php?rest_route=%2Fwp%2Fv2%2Fcomments&post=305"}],"version-history":[{"count":0,"href":"https:\/\/remolquestocina.com\/index.php?rest_route=\/wp\/v2\/product\/305\/revisions"}],"wp:featuredmedia":[{"embeddable":true,"href":"https:\/\/remolquestocina.com\/index.php?rest_route=\/wp\/v2\/media\/110"}],"wp:attachment":[{"href":"https:\/\/remolquestocina.com\/index.php?rest_route=%2Fwp%2Fv2%2Fmedia&parent=305"}],"wp:term":[{"taxonomy":"product_brand","embeddable":true,"href":"https:\/\/remolquestocina.com\/index.php?rest_route=%2Fwp%2Fv2%2Fproduct_brand&post=305"},{"taxonomy":"product_cat","embeddable":true,"href":"https:\/\/remolquestocina.com\/index.php?rest_route=%2Fwp%2Fv2%2Fproduct_cat&post=305"},{"taxonomy":"product_tag","embeddable":true,"href":"https:\/\/remolquestocina.com\/index.php?rest_route=%2Fwp%2Fv2%2Fproduct_tag&post=305"}],"curies":[{"name":"wp","href":"https:\/\/api.w.org\/{rel}","templated":true}]}}