{"id":302,"date":"2026-03-23T18:20:18","date_gmt":"2026-03-23T18:20:18","guid":{"rendered":"https:\/\/remolquestocina.com\/?post_type=product&#038;p=302"},"modified":"2026-03-23T18:59:00","modified_gmt":"2026-03-23T18:59:00","slug":"remolque-jaula-de-animales-vivos","status":"publish","type":"product","link":"https:\/\/remolquestocina.com\/?product=remolque-jaula-de-animales-vivos","title":{"rendered":"Remolque jaula de animales vivos"},"content":{"rendered":"","protected":false},"excerpt":{"rendered":"<p data-start=\"67\" data-end=\"137\"><strong data-start=\"67\" data-end=\"137\">Remolque Jaula para Animales Vivos \u2013 Seguro, Ventilado y Funcional<\/strong><\/p>\n<p data-start=\"139\" data-end=\"277\">Remolque especialmente dise\u00f1ado para el transporte de animales vivos, garantizando ventilaci\u00f3n, seguridad y comodidad durante el traslado.<\/p>\n<p data-start=\"279\" data-end=\"311\"><strong data-start=\"279\" data-end=\"311\">Caracter\u00edsticas principales:<\/strong><\/p>\n<ul data-start=\"312\" data-end=\"710\">\n<li data-section-id=\"1xbt2g5\" data-start=\"312\" data-end=\"360\">Medidas: <strong data-start=\"323\" data-end=\"360\">150 cm de largo x 105 cm de ancho<\/strong><\/li>\n<li data-section-id=\"hhpcbz\" data-start=\"361\" data-end=\"418\"><strong data-start=\"363\" data-end=\"382\">1 eje sin freno<\/strong>, con capacidad m\u00e1xima de <strong data-start=\"408\" data-end=\"418\">750 kg<\/strong><\/li>\n<li data-section-id=\"zaj49q\" data-start=\"419\" data-end=\"453\"><strong data-start=\"421\" data-end=\"453\">Enganche sin freno de 750 kg<\/strong><\/li>\n<li data-section-id=\"wgts6p\" data-start=\"454\" data-end=\"522\"><strong data-start=\"456\" data-end=\"481\">Jaula con ventilaci\u00f3n<\/strong>, ideal para el bienestar de los animales<\/li>\n<li data-section-id=\"n98uuq\" data-start=\"523\" data-end=\"571\"><strong data-start=\"525\" data-end=\"547\">2 puertas traseras<\/strong>, acceso c\u00f3modo y seguro<\/li>\n<li data-section-id=\"kzoxtk\" data-start=\"572\" data-end=\"624\"><strong data-start=\"574\" data-end=\"599\">Rueda jockey de 48 mm<\/strong> para facilitar maniobras<\/li>\n<li data-section-id=\"13keado\" data-start=\"625\" data-end=\"641\"><strong data-start=\"627\" data-end=\"641\">Ruedas R13<\/strong><\/li>\n<li data-section-id=\"1fflwm8\" data-start=\"642\" data-end=\"674\"><strong data-start=\"644\" data-end=\"674\">Rueda de repuesto incluida<\/strong><\/li>\n<li data-section-id=\"kx2pi2\" data-start=\"675\" data-end=\"710\"><strong data-start=\"677\" data-end=\"710\">Conexi\u00f3n el\u00e9ctrica de 7 pines<\/strong><\/li>\n<\/ul>\n<p data-start=\"712\" data-end=\"831\">Perfecto para transporte de animales de forma segura, pr\u00e1ctica y cumpliendo con las necesidades b\u00e1sicas de ventilaci\u00f3n.<\/p>\n","protected":false},"featured_media":121,"comment_status":"open","ping_status":"closed","template":"","meta":{"_seopress_robots_primary_cat":"","_seopress_titles_title":"","_seopress_titles_desc":"","_seopress_robots_index":""},"product_brand":[],"product_cat":[24],"product_tag":[],"class_list":{"0":"post-302","1":"product","2":"type-product","3":"status-publish","4":"has-post-thumbnail","6":"product_cat-remolques","8":"first","9":"instock","10":"shipping-taxable","11":"product-type-simple"},"yoast_head":"<!-- This site is optimized with the Yoast SEO plugin v27.2 - https:\/\/yoast.com\/product\/yoast-seo-wordpress\/ -->\n<title>Remolque jaula de animales vivos - Remolques Tocina<\/title>\n<meta name=\"robots\" content=\"index, follow, max-snippet:-1, max-image-preview:large, max-video-preview:-1\" \/>\n<link rel=\"canonical\" href=\"https:\/\/remolquestocina.com\/?product=remolque-jaula-de-animales-vivos\" \/>\n<meta property=\"og:locale\" content=\"es_ES\" \/>\n<meta property=\"og:type\" content=\"article\" \/>\n<meta property=\"og:title\" content=\"Remolque jaula de animales vivos - Remolques Tocina\" \/>\n<meta property=\"og:description\" content=\"Remolque Jaula para Animales Vivos \u2013 Seguro, Ventilado y Funcional Remolque especialmente dise\u00f1ado para el transporte de animales vivos, garantizando ventilaci\u00f3n, seguridad y comodidad durante el traslado. Caracter\u00edsticas principales:    Medidas: 150 cm de largo x 105 cm de ancho  1 eje sin freno, con capacidad m\u00e1xima de 750 kg  Enganche sin freno de 750 kg  Jaula con ventilaci\u00f3n, ideal para el bienestar de los animales  2 puertas traseras, acceso c\u00f3modo y seguro  Rueda jockey de 48 mm para facilitar maniobras  Ruedas R13  Rueda de repuesto incluida  Conexi\u00f3n el\u00e9ctrica de 7 pines  Perfecto para transporte de animales de forma segura, pr\u00e1ctica y cumpliendo con las necesidades b\u00e1sicas de ventilaci\u00f3n.\" \/>\n<meta property=\"og:url\" content=\"https:\/\/remolquestocina.com\/?product=remolque-jaula-de-animales-vivos\" \/>\n<meta property=\"og:site_name\" content=\"Remolques Tocina\" \/>\n<meta property=\"article:modified_time\" content=\"2026-03-23T18:59:00+00:00\" \/>\n<meta property=\"og:image\" content=\"https:\/\/remolquestocina.com\/wp-content\/uploads\/2026\/03\/Remolque-cubierto-5-scaled.webp\" \/>\n\t<meta property=\"og:image:width\" content=\"1598\" \/>\n\t<meta property=\"og:image:height\" content=\"1920\" \/>\n\t<meta property=\"og:image:type\" content=\"image\/webp\" \/>\n<meta name=\"twitter:card\" content=\"summary_large_image\" \/>\n<meta name=\"twitter:label1\" content=\"Tiempo de lectura\" \/>\n\t<meta name=\"twitter:data1\" content=\"1 minuto\" \/>\n<script type=\"application\/ld+json\" class=\"yoast-schema-graph\">{\"@context\":\"https:\/\/schema.org\",\"@graph\":[{\"@type\":\"WebPage\",\"@id\":\"https:\/\/remolquestocina.com\/?product=remolque-jaula-de-animales-vivos\",\"url\":\"https:\/\/remolquestocina.com\/?product=remolque-jaula-de-animales-vivos\",\"name\":\"Remolque jaula de animales vivos - Remolques Tocina\",\"isPartOf\":{\"@id\":\"https:\/\/remolquestocina.com\/#website\"},\"primaryImageOfPage\":{\"@id\":\"https:\/\/remolquestocina.com\/?product=remolque-jaula-de-animales-vivos#primaryimage\"},\"image\":{\"@id\":\"https:\/\/remolquestocina.com\/?product=remolque-jaula-de-animales-vivos#primaryimage\"},\"thumbnailUrl\":\"https:\/\/remolquestocina.com\/wp-content\/uploads\/2026\/03\/Remolque-cubierto-5-scaled.webp\",\"datePublished\":\"2026-03-23T18:20:18+00:00\",\"dateModified\":\"2026-03-23T18:59:00+00:00\",\"breadcrumb\":{\"@id\":\"https:\/\/remolquestocina.com\/?product=remolque-jaula-de-animales-vivos#breadcrumb\"},\"inLanguage\":\"es\",\"potentialAction\":[{\"@type\":\"ReadAction\",\"target\":[\"https:\/\/remolquestocina.com\/?product=remolque-jaula-de-animales-vivos\"]}]},{\"@type\":\"ImageObject\",\"inLanguage\":\"es\",\"@id\":\"https:\/\/remolquestocina.com\/?product=remolque-jaula-de-animales-vivos#primaryimage\",\"url\":\"https:\/\/remolquestocina.com\/wp-content\/uploads\/2026\/03\/Remolque-cubierto-5-scaled.webp\",\"contentUrl\":\"https:\/\/remolquestocina.com\/wp-content\/uploads\/2026\/03\/Remolque-cubierto-5-scaled.webp\",\"width\":1598,\"height\":1920},{\"@type\":\"BreadcrumbList\",\"@id\":\"https:\/\/remolquestocina.com\/?product=remolque-jaula-de-animales-vivos#breadcrumb\",\"itemListElement\":[{\"@type\":\"ListItem\",\"position\":1,\"name\":\"Portada\",\"item\":\"https:\/\/remolquestocina.com\/\"},{\"@type\":\"ListItem\",\"position\":2,\"name\":\"Productos Categor\u00eda\",\"item\":\"https:\/\/remolquestocina.com\/?page_id=460\"},{\"@type\":\"ListItem\",\"position\":3,\"name\":\"Remolque jaula de animales vivos\"}]},{\"@type\":\"WebSite\",\"@id\":\"https:\/\/remolquestocina.com\/#website\",\"url\":\"https:\/\/remolquestocina.com\/\",\"name\":\"Remolques Tocina\",\"description\":\"Remolque de todo tipo a medida\",\"publisher\":{\"@id\":\"https:\/\/remolquestocina.com\/#organization\"},\"potentialAction\":[{\"@type\":\"SearchAction\",\"target\":{\"@type\":\"EntryPoint\",\"urlTemplate\":\"https:\/\/remolquestocina.com\/?s={search_term_string}\"},\"query-input\":{\"@type\":\"PropertyValueSpecification\",\"valueRequired\":true,\"valueName\":\"search_term_string\"}}],\"inLanguage\":\"es\"},{\"@type\":\"Organization\",\"@id\":\"https:\/\/remolquestocina.com\/#organization\",\"name\":\"Remolques Tocina\",\"url\":\"https:\/\/remolquestocina.com\/\",\"logo\":{\"@type\":\"ImageObject\",\"inLanguage\":\"es\",\"@id\":\"https:\/\/remolquestocina.com\/#\/schema\/logo\/image\/\",\"url\":\"http:\/\/remolquestocina.com\/wp-content\/uploads\/2026\/03\/LogoFavicon.webp\",\"contentUrl\":\"http:\/\/remolquestocina.com\/wp-content\/uploads\/2026\/03\/LogoFavicon.webp\",\"width\":740,\"height\":740,\"caption\":\"Remolques Tocina\"},\"image\":{\"@id\":\"https:\/\/remolquestocina.com\/#\/schema\/logo\/image\/\"},\"sameAs\":[\"https:\/\/www.instagram.com\/remolquestocina\/\"]}]}<\/script>\n<!-- \/ Yoast SEO plugin. -->","yoast_head_json":{"title":"Remolque jaula de animales vivos - Remolques Tocina","robots":{"index":"index","follow":"follow","max-snippet":"max-snippet:-1","max-image-preview":"max-image-preview:large","max-video-preview":"max-video-preview:-1"},"canonical":"https:\/\/remolquestocina.com\/?product=remolque-jaula-de-animales-vivos","og_locale":"es_ES","og_type":"article","og_title":"Remolque jaula de animales vivos - Remolques Tocina","og_description":"Remolque Jaula para Animales Vivos \u2013 Seguro, Ventilado y Funcional Remolque especialmente dise\u00f1ado para el transporte de animales vivos, garantizando ventilaci\u00f3n, seguridad y comodidad durante el traslado. Caracter\u00edsticas principales:    Medidas: 150 cm de largo x 105 cm de ancho  1 eje sin freno, con capacidad m\u00e1xima de 750 kg  Enganche sin freno de 750 kg  Jaula con ventilaci\u00f3n, ideal para el bienestar de los animales  2 puertas traseras, acceso c\u00f3modo y seguro  Rueda jockey de 48 mm para facilitar maniobras  Ruedas R13  Rueda de repuesto incluida  Conexi\u00f3n el\u00e9ctrica de 7 pines  Perfecto para transporte de animales de forma segura, pr\u00e1ctica y cumpliendo con las necesidades b\u00e1sicas de ventilaci\u00f3n.","og_url":"https:\/\/remolquestocina.com\/?product=remolque-jaula-de-animales-vivos","og_site_name":"Remolques Tocina","article_modified_time":"2026-03-23T18:59:00+00:00","og_image":[{"width":1598,"height":1920,"url":"https:\/\/remolquestocina.com\/wp-content\/uploads\/2026\/03\/Remolque-cubierto-5-scaled.webp","type":"image\/webp"}],"twitter_card":"summary_large_image","twitter_misc":{"Tiempo de lectura":"1 minuto"},"schema":{"@context":"https:\/\/schema.org","@graph":[{"@type":"WebPage","@id":"https:\/\/remolquestocina.com\/?product=remolque-jaula-de-animales-vivos","url":"https:\/\/remolquestocina.com\/?product=remolque-jaula-de-animales-vivos","name":"Remolque jaula de animales vivos - Remolques Tocina","isPartOf":{"@id":"https:\/\/remolquestocina.com\/#website"},"primaryImageOfPage":{"@id":"https:\/\/remolquestocina.com\/?product=remolque-jaula-de-animales-vivos#primaryimage"},"image":{"@id":"https:\/\/remolquestocina.com\/?product=remolque-jaula-de-animales-vivos#primaryimage"},"thumbnailUrl":"https:\/\/remolquestocina.com\/wp-content\/uploads\/2026\/03\/Remolque-cubierto-5-scaled.webp","datePublished":"2026-03-23T18:20:18+00:00","dateModified":"2026-03-23T18:59:00+00:00","breadcrumb":{"@id":"https:\/\/remolquestocina.com\/?product=remolque-jaula-de-animales-vivos#breadcrumb"},"inLanguage":"es","potentialAction":[{"@type":"ReadAction","target":["https:\/\/remolquestocina.com\/?product=remolque-jaula-de-animales-vivos"]}]},{"@type":"ImageObject","inLanguage":"es","@id":"https:\/\/remolquestocina.com\/?product=remolque-jaula-de-animales-vivos#primaryimage","url":"https:\/\/remolquestocina.com\/wp-content\/uploads\/2026\/03\/Remolque-cubierto-5-scaled.webp","contentUrl":"https:\/\/remolquestocina.com\/wp-content\/uploads\/2026\/03\/Remolque-cubierto-5-scaled.webp","width":1598,"height":1920},{"@type":"BreadcrumbList","@id":"https:\/\/remolquestocina.com\/?product=remolque-jaula-de-animales-vivos#breadcrumb","itemListElement":[{"@type":"ListItem","position":1,"name":"Portada","item":"https:\/\/remolquestocina.com\/"},{"@type":"ListItem","position":2,"name":"Productos Categor\u00eda","item":"https:\/\/remolquestocina.com\/?page_id=460"},{"@type":"ListItem","position":3,"name":"Remolque jaula de animales vivos"}]},{"@type":"WebSite","@id":"https:\/\/remolquestocina.com\/#website","url":"https:\/\/remolquestocina.com\/","name":"Remolques Tocina","description":"Remolque de todo tipo a medida","publisher":{"@id":"https:\/\/remolquestocina.com\/#organization"},"potentialAction":[{"@type":"SearchAction","target":{"@type":"EntryPoint","urlTemplate":"https:\/\/remolquestocina.com\/?s={search_term_string}"},"query-input":{"@type":"PropertyValueSpecification","valueRequired":true,"valueName":"search_term_string"}}],"inLanguage":"es"},{"@type":"Organization","@id":"https:\/\/remolquestocina.com\/#organization","name":"Remolques Tocina","url":"https:\/\/remolquestocina.com\/","logo":{"@type":"ImageObject","inLanguage":"es","@id":"https:\/\/remolquestocina.com\/#\/schema\/logo\/image\/","url":"http:\/\/remolquestocina.com\/wp-content\/uploads\/2026\/03\/LogoFavicon.webp","contentUrl":"http:\/\/remolquestocina.com\/wp-content\/uploads\/2026\/03\/LogoFavicon.webp","width":740,"height":740,"caption":"Remolques Tocina"},"image":{"@id":"https:\/\/remolquestocina.com\/#\/schema\/logo\/image\/"},"sameAs":["https:\/\/www.instagram.com\/remolquestocina\/"]}]}},"_links":{"self":[{"href":"https:\/\/remolquestocina.com\/index.php?rest_route=\/wp\/v2\/product\/302","targetHints":{"allow":["GET"]}}],"collection":[{"href":"https:\/\/remolquestocina.com\/index.php?rest_route=\/wp\/v2\/product"}],"about":[{"href":"https:\/\/remolquestocina.com\/index.php?rest_route=\/wp\/v2\/types\/product"}],"replies":[{"embeddable":true,"href":"https:\/\/remolquestocina.com\/index.php?rest_route=%2Fwp%2Fv2%2Fcomments&post=302"}],"version-history":[{"count":0,"href":"https:\/\/remolquestocina.com\/index.php?rest_route=\/wp\/v2\/product\/302\/revisions"}],"wp:featuredmedia":[{"embeddable":true,"href":"https:\/\/remolquestocina.com\/index.php?rest_route=\/wp\/v2\/media\/121"}],"wp:attachment":[{"href":"https:\/\/remolquestocina.com\/index.php?rest_route=%2Fwp%2Fv2%2Fmedia&parent=302"}],"wp:term":[{"taxonomy":"product_brand","embeddable":true,"href":"https:\/\/remolquestocina.com\/index.php?rest_route=%2Fwp%2Fv2%2Fproduct_brand&post=302"},{"taxonomy":"product_cat","embeddable":true,"href":"https:\/\/remolquestocina.com\/index.php?rest_route=%2Fwp%2Fv2%2Fproduct_cat&post=302"},{"taxonomy":"product_tag","embeddable":true,"href":"https:\/\/remolquestocina.com\/index.php?rest_route=%2Fwp%2Fv2%2Fproduct_tag&post=302"}],"curies":[{"name":"wp","href":"https:\/\/api.w.org\/{rel}","templated":true}]}}