{"id":299,"date":"2026-03-23T18:18:57","date_gmt":"2026-03-23T18:18:57","guid":{"rendered":"https:\/\/remolquestocina.com\/?post_type=product&#038;p=299"},"modified":"2026-03-23T18:59:08","modified_gmt":"2026-03-23T18:59:08","slug":"remolque-basculante","status":"publish","type":"product","link":"https:\/\/remolquestocina.com\/?product=remolque-basculante","title":{"rendered":"Remolque basculante"},"content":{"rendered":"","protected":false},"excerpt":{"rendered":"<p data-start=\"60\" data-end=\"127\"><strong data-start=\"60\" data-end=\"127\">Remolque Basculante \u2013 Pr\u00e1ctico, Resistente y F\u00e1cil de Descargar<\/strong><\/p>\n<p data-start=\"129\" data-end=\"260\">Remolque basculante dise\u00f1ado para facilitar la carga y descarga de materiales, ideal para uso agr\u00edcola, obras o transporte general.<\/p>\n<p data-start=\"262\" data-end=\"294\"><strong data-start=\"262\" data-end=\"294\">Caracter\u00edsticas principales:<\/strong><\/p>\n<ul data-start=\"295\" data-end=\"675\">\n<li data-section-id=\"s0t4vo\" data-start=\"295\" data-end=\"360\">Medidas: <strong data-start=\"306\" data-end=\"360\">210 cm de largo x 130 cm de ancho x 100 cm de alto<\/strong><\/li>\n<li data-section-id=\"j7u1dr\" data-start=\"361\" data-end=\"417\"><strong data-start=\"363\" data-end=\"386\">Doble eje con freno<\/strong>, mayor estabilidad y seguridad<\/li>\n<li data-section-id=\"9sg18z\" data-start=\"418\" data-end=\"449\">Capacidad por eje: <strong data-start=\"439\" data-end=\"449\">750 kg<\/strong><\/li>\n<li data-section-id=\"18tn13x\" data-start=\"450\" data-end=\"485\"><strong data-start=\"452\" data-end=\"485\">Enganche con freno de 1600 kg<\/strong><\/li>\n<li data-section-id=\"1gu8gqp\" data-start=\"486\" data-end=\"536\"><strong data-start=\"488\" data-end=\"510\">Sistema basculante<\/strong>, descarga r\u00e1pida y c\u00f3moda<\/li>\n<li data-section-id=\"1e2ssyf\" data-start=\"537\" data-end=\"589\"><strong data-start=\"539\" data-end=\"564\">Rueda jockey de 48 mm<\/strong> para maniobras sencillas<\/li>\n<li data-section-id=\"13keado\" data-start=\"590\" data-end=\"606\"><strong data-start=\"592\" data-end=\"606\">Ruedas R13<\/strong><\/li>\n<li data-section-id=\"1fflwm8\" data-start=\"607\" data-end=\"639\"><strong data-start=\"609\" data-end=\"639\">Rueda de repuesto incluida<\/strong><\/li>\n<li data-section-id=\"kx2pi2\" data-start=\"640\" data-end=\"675\"><strong data-start=\"642\" data-end=\"675\">Conexi\u00f3n el\u00e9ctrica de 7 pines<\/strong><\/li>\n<\/ul>\n<p data-start=\"677\" data-end=\"775\">Una opci\u00f3n robusta y muy funcional para trabajos que requieren rapidez y comodidad en la descarga.<\/p>\n","protected":false},"featured_media":113,"comment_status":"open","ping_status":"closed","template":"","meta":{"_seopress_robots_primary_cat":"","_seopress_titles_title":"","_seopress_titles_desc":"","_seopress_robots_index":""},"product_brand":[],"product_cat":[24],"product_tag":[],"class_list":{"0":"post-299","1":"product","2":"type-product","3":"status-publish","4":"has-post-thumbnail","6":"product_cat-remolques","8":"first","9":"instock","10":"shipping-taxable","11":"product-type-simple"},"yoast_head":"<!-- This site is optimized with the Yoast SEO plugin v27.2 - https:\/\/yoast.com\/product\/yoast-seo-wordpress\/ -->\n<title>Remolque basculante - Remolques Tocina<\/title>\n<meta name=\"robots\" content=\"index, follow, max-snippet:-1, max-image-preview:large, max-video-preview:-1\" \/>\n<link rel=\"canonical\" href=\"https:\/\/remolquestocina.com\/?product=remolque-basculante\" \/>\n<meta property=\"og:locale\" content=\"es_ES\" \/>\n<meta property=\"og:type\" content=\"article\" \/>\n<meta property=\"og:title\" content=\"Remolque basculante - Remolques Tocina\" \/>\n<meta property=\"og:description\" content=\"Remolque Basculante \u2013 Pr\u00e1ctico, Resistente y F\u00e1cil de Descargar Remolque basculante dise\u00f1ado para facilitar la carga y descarga de materiales, ideal para uso agr\u00edcola, obras o transporte general. Caracter\u00edsticas principales:    Medidas: 210 cm de largo x 130 cm de ancho x 100 cm de alto  Doble eje con freno, mayor estabilidad y seguridad  Capacidad por eje: 750 kg  Enganche con freno de 1600 kg  Sistema basculante, descarga r\u00e1pida y c\u00f3moda  Rueda jockey de 48 mm para maniobras sencillas  Ruedas R13  Rueda de repuesto incluida  Conexi\u00f3n el\u00e9ctrica de 7 pines  Una opci\u00f3n robusta y muy funcional para trabajos que requieren rapidez y comodidad en la descarga.\" \/>\n<meta property=\"og:url\" content=\"https:\/\/remolquestocina.com\/?product=remolque-basculante\" \/>\n<meta property=\"og:site_name\" content=\"Remolques Tocina\" \/>\n<meta property=\"article:modified_time\" content=\"2026-03-23T18:59:08+00:00\" \/>\n<meta property=\"og:image\" content=\"https:\/\/remolquestocina.com\/wp-content\/uploads\/2026\/03\/Remolque-abatible-4-scaled.webp\" \/>\n\t<meta property=\"og:image:width\" content=\"1920\" \/>\n\t<meta property=\"og:image:height\" content=\"1440\" \/>\n\t<meta property=\"og:image:type\" content=\"image\/webp\" \/>\n<meta name=\"twitter:card\" content=\"summary_large_image\" \/>\n<meta name=\"twitter:label1\" content=\"Tiempo de lectura\" \/>\n\t<meta name=\"twitter:data1\" content=\"1 minuto\" \/>\n<script type=\"application\/ld+json\" class=\"yoast-schema-graph\">{\"@context\":\"https:\/\/schema.org\",\"@graph\":[{\"@type\":\"WebPage\",\"@id\":\"https:\/\/remolquestocina.com\/?product=remolque-basculante\",\"url\":\"https:\/\/remolquestocina.com\/?product=remolque-basculante\",\"name\":\"Remolque basculante - Remolques Tocina\",\"isPartOf\":{\"@id\":\"https:\/\/remolquestocina.com\/#website\"},\"primaryImageOfPage\":{\"@id\":\"https:\/\/remolquestocina.com\/?product=remolque-basculante#primaryimage\"},\"image\":{\"@id\":\"https:\/\/remolquestocina.com\/?product=remolque-basculante#primaryimage\"},\"thumbnailUrl\":\"https:\/\/remolquestocina.com\/wp-content\/uploads\/2026\/03\/Remolque-abatible-4-scaled.webp\",\"datePublished\":\"2026-03-23T18:18:57+00:00\",\"dateModified\":\"2026-03-23T18:59:08+00:00\",\"breadcrumb\":{\"@id\":\"https:\/\/remolquestocina.com\/?product=remolque-basculante#breadcrumb\"},\"inLanguage\":\"es\",\"potentialAction\":[{\"@type\":\"ReadAction\",\"target\":[\"https:\/\/remolquestocina.com\/?product=remolque-basculante\"]}]},{\"@type\":\"ImageObject\",\"inLanguage\":\"es\",\"@id\":\"https:\/\/remolquestocina.com\/?product=remolque-basculante#primaryimage\",\"url\":\"https:\/\/remolquestocina.com\/wp-content\/uploads\/2026\/03\/Remolque-abatible-4-scaled.webp\",\"contentUrl\":\"https:\/\/remolquestocina.com\/wp-content\/uploads\/2026\/03\/Remolque-abatible-4-scaled.webp\",\"width\":1920,\"height\":1440},{\"@type\":\"BreadcrumbList\",\"@id\":\"https:\/\/remolquestocina.com\/?product=remolque-basculante#breadcrumb\",\"itemListElement\":[{\"@type\":\"ListItem\",\"position\":1,\"name\":\"Portada\",\"item\":\"https:\/\/remolquestocina.com\/\"},{\"@type\":\"ListItem\",\"position\":2,\"name\":\"Productos Categor\u00eda\",\"item\":\"https:\/\/remolquestocina.com\/?page_id=460\"},{\"@type\":\"ListItem\",\"position\":3,\"name\":\"Remolque basculante\"}]},{\"@type\":\"WebSite\",\"@id\":\"https:\/\/remolquestocina.com\/#website\",\"url\":\"https:\/\/remolquestocina.com\/\",\"name\":\"Remolques Tocina\",\"description\":\"Remolque de todo tipo a medida\",\"publisher\":{\"@id\":\"https:\/\/remolquestocina.com\/#organization\"},\"potentialAction\":[{\"@type\":\"SearchAction\",\"target\":{\"@type\":\"EntryPoint\",\"urlTemplate\":\"https:\/\/remolquestocina.com\/?s={search_term_string}\"},\"query-input\":{\"@type\":\"PropertyValueSpecification\",\"valueRequired\":true,\"valueName\":\"search_term_string\"}}],\"inLanguage\":\"es\"},{\"@type\":\"Organization\",\"@id\":\"https:\/\/remolquestocina.com\/#organization\",\"name\":\"Remolques Tocina\",\"url\":\"https:\/\/remolquestocina.com\/\",\"logo\":{\"@type\":\"ImageObject\",\"inLanguage\":\"es\",\"@id\":\"https:\/\/remolquestocina.com\/#\/schema\/logo\/image\/\",\"url\":\"http:\/\/remolquestocina.com\/wp-content\/uploads\/2026\/03\/LogoFavicon.webp\",\"contentUrl\":\"http:\/\/remolquestocina.com\/wp-content\/uploads\/2026\/03\/LogoFavicon.webp\",\"width\":740,\"height\":740,\"caption\":\"Remolques Tocina\"},\"image\":{\"@id\":\"https:\/\/remolquestocina.com\/#\/schema\/logo\/image\/\"},\"sameAs\":[\"https:\/\/www.instagram.com\/remolquestocina\/\"]}]}<\/script>\n<!-- \/ Yoast SEO plugin. -->","yoast_head_json":{"title":"Remolque basculante - Remolques Tocina","robots":{"index":"index","follow":"follow","max-snippet":"max-snippet:-1","max-image-preview":"max-image-preview:large","max-video-preview":"max-video-preview:-1"},"canonical":"https:\/\/remolquestocina.com\/?product=remolque-basculante","og_locale":"es_ES","og_type":"article","og_title":"Remolque basculante - Remolques Tocina","og_description":"Remolque Basculante \u2013 Pr\u00e1ctico, Resistente y F\u00e1cil de Descargar Remolque basculante dise\u00f1ado para facilitar la carga y descarga de materiales, ideal para uso agr\u00edcola, obras o transporte general. Caracter\u00edsticas principales:    Medidas: 210 cm de largo x 130 cm de ancho x 100 cm de alto  Doble eje con freno, mayor estabilidad y seguridad  Capacidad por eje: 750 kg  Enganche con freno de 1600 kg  Sistema basculante, descarga r\u00e1pida y c\u00f3moda  Rueda jockey de 48 mm para maniobras sencillas  Ruedas R13  Rueda de repuesto incluida  Conexi\u00f3n el\u00e9ctrica de 7 pines  Una opci\u00f3n robusta y muy funcional para trabajos que requieren rapidez y comodidad en la descarga.","og_url":"https:\/\/remolquestocina.com\/?product=remolque-basculante","og_site_name":"Remolques Tocina","article_modified_time":"2026-03-23T18:59:08+00:00","og_image":[{"width":1920,"height":1440,"url":"https:\/\/remolquestocina.com\/wp-content\/uploads\/2026\/03\/Remolque-abatible-4-scaled.webp","type":"image\/webp"}],"twitter_card":"summary_large_image","twitter_misc":{"Tiempo de lectura":"1 minuto"},"schema":{"@context":"https:\/\/schema.org","@graph":[{"@type":"WebPage","@id":"https:\/\/remolquestocina.com\/?product=remolque-basculante","url":"https:\/\/remolquestocina.com\/?product=remolque-basculante","name":"Remolque basculante - Remolques Tocina","isPartOf":{"@id":"https:\/\/remolquestocina.com\/#website"},"primaryImageOfPage":{"@id":"https:\/\/remolquestocina.com\/?product=remolque-basculante#primaryimage"},"image":{"@id":"https:\/\/remolquestocina.com\/?product=remolque-basculante#primaryimage"},"thumbnailUrl":"https:\/\/remolquestocina.com\/wp-content\/uploads\/2026\/03\/Remolque-abatible-4-scaled.webp","datePublished":"2026-03-23T18:18:57+00:00","dateModified":"2026-03-23T18:59:08+00:00","breadcrumb":{"@id":"https:\/\/remolquestocina.com\/?product=remolque-basculante#breadcrumb"},"inLanguage":"es","potentialAction":[{"@type":"ReadAction","target":["https:\/\/remolquestocina.com\/?product=remolque-basculante"]}]},{"@type":"ImageObject","inLanguage":"es","@id":"https:\/\/remolquestocina.com\/?product=remolque-basculante#primaryimage","url":"https:\/\/remolquestocina.com\/wp-content\/uploads\/2026\/03\/Remolque-abatible-4-scaled.webp","contentUrl":"https:\/\/remolquestocina.com\/wp-content\/uploads\/2026\/03\/Remolque-abatible-4-scaled.webp","width":1920,"height":1440},{"@type":"BreadcrumbList","@id":"https:\/\/remolquestocina.com\/?product=remolque-basculante#breadcrumb","itemListElement":[{"@type":"ListItem","position":1,"name":"Portada","item":"https:\/\/remolquestocina.com\/"},{"@type":"ListItem","position":2,"name":"Productos Categor\u00eda","item":"https:\/\/remolquestocina.com\/?page_id=460"},{"@type":"ListItem","position":3,"name":"Remolque basculante"}]},{"@type":"WebSite","@id":"https:\/\/remolquestocina.com\/#website","url":"https:\/\/remolquestocina.com\/","name":"Remolques Tocina","description":"Remolque de todo tipo a medida","publisher":{"@id":"https:\/\/remolquestocina.com\/#organization"},"potentialAction":[{"@type":"SearchAction","target":{"@type":"EntryPoint","urlTemplate":"https:\/\/remolquestocina.com\/?s={search_term_string}"},"query-input":{"@type":"PropertyValueSpecification","valueRequired":true,"valueName":"search_term_string"}}],"inLanguage":"es"},{"@type":"Organization","@id":"https:\/\/remolquestocina.com\/#organization","name":"Remolques Tocina","url":"https:\/\/remolquestocina.com\/","logo":{"@type":"ImageObject","inLanguage":"es","@id":"https:\/\/remolquestocina.com\/#\/schema\/logo\/image\/","url":"http:\/\/remolquestocina.com\/wp-content\/uploads\/2026\/03\/LogoFavicon.webp","contentUrl":"http:\/\/remolquestocina.com\/wp-content\/uploads\/2026\/03\/LogoFavicon.webp","width":740,"height":740,"caption":"Remolques Tocina"},"image":{"@id":"https:\/\/remolquestocina.com\/#\/schema\/logo\/image\/"},"sameAs":["https:\/\/www.instagram.com\/remolquestocina\/"]}]}},"_links":{"self":[{"href":"https:\/\/remolquestocina.com\/index.php?rest_route=\/wp\/v2\/product\/299","targetHints":{"allow":["GET"]}}],"collection":[{"href":"https:\/\/remolquestocina.com\/index.php?rest_route=\/wp\/v2\/product"}],"about":[{"href":"https:\/\/remolquestocina.com\/index.php?rest_route=\/wp\/v2\/types\/product"}],"replies":[{"embeddable":true,"href":"https:\/\/remolquestocina.com\/index.php?rest_route=%2Fwp%2Fv2%2Fcomments&post=299"}],"version-history":[{"count":0,"href":"https:\/\/remolquestocina.com\/index.php?rest_route=\/wp\/v2\/product\/299\/revisions"}],"wp:featuredmedia":[{"embeddable":true,"href":"https:\/\/remolquestocina.com\/index.php?rest_route=\/wp\/v2\/media\/113"}],"wp:attachment":[{"href":"https:\/\/remolquestocina.com\/index.php?rest_route=%2Fwp%2Fv2%2Fmedia&parent=299"}],"wp:term":[{"taxonomy":"product_brand","embeddable":true,"href":"https:\/\/remolquestocina.com\/index.php?rest_route=%2Fwp%2Fv2%2Fproduct_brand&post=299"},{"taxonomy":"product_cat","embeddable":true,"href":"https:\/\/remolquestocina.com\/index.php?rest_route=%2Fwp%2Fv2%2Fproduct_cat&post=299"},{"taxonomy":"product_tag","embeddable":true,"href":"https:\/\/remolquestocina.com\/index.php?rest_route=%2Fwp%2Fv2%2Fproduct_tag&post=299"}],"curies":[{"name":"wp","href":"https:\/\/api.w.org\/{rel}","templated":true}]}}