{"id":290,"date":"2026-03-23T18:14:29","date_gmt":"2026-03-23T18:14:29","guid":{"rendered":"https:\/\/remolquestocina.com\/?post_type=product&#038;p=290"},"modified":"2026-03-23T18:59:31","modified_gmt":"2026-03-23T18:59:31","slug":"remolque-mixto-3-motos-y-carga-desmontable","status":"publish","type":"product","link":"https:\/\/remolquestocina.com\/?product=remolque-mixto-3-motos-y-carga-desmontable","title":{"rendered":"Remolque mixto 3 motos y carga desmontable"},"content":{"rendered":"","protected":false},"excerpt":{"rendered":"<p data-start=\"70\" data-end=\"151\"><strong data-start=\"70\" data-end=\"151\">Remolque Mixto para 3 Motos y Carga \u2013 M\u00e1xima Versatilidad en un Solo Remolque<\/strong><\/p>\n<p data-start=\"153\" data-end=\"290\">Remolque multifunci\u00f3n dise\u00f1ado para transportar hasta 3 motos o utilizarse como remolque de carga general gracias a su sistema adaptable.<\/p>\n<p data-start=\"292\" data-end=\"324\"><strong data-start=\"292\" data-end=\"324\">Caracter\u00edsticas principales:<\/strong><\/p>\n<ul data-start=\"325\" data-end=\"695\">\n<li data-section-id=\"1d50hj4\" data-start=\"325\" data-end=\"373\">Medidas: <strong data-start=\"336\" data-end=\"373\">220 cm de largo x 140 cm de ancho<\/strong><\/li>\n<li data-section-id=\"nygfvo\" data-start=\"374\" data-end=\"408\">Capacidad para <strong data-start=\"391\" data-end=\"408\">hasta 3 motos<\/strong><\/li>\n<li data-section-id=\"177bffc\" data-start=\"409\" data-end=\"472\"><strong data-start=\"411\" data-end=\"438\">Portalones desmontables<\/strong>, f\u00e1cil carga y mayor versatilidad<\/li>\n<li data-section-id=\"16m0j9a\" data-start=\"473\" data-end=\"523\"><strong data-start=\"475\" data-end=\"494\">1 eje sin freno<\/strong>, con capacidad de <strong data-start=\"513\" data-end=\"523\">750 kg<\/strong><\/li>\n<li data-section-id=\"zaj49q\" data-start=\"524\" data-end=\"558\"><strong data-start=\"526\" data-end=\"558\">Enganche sin freno de 750 kg<\/strong><\/li>\n<li data-section-id=\"qz1q8j\" data-start=\"559\" data-end=\"609\"><strong data-start=\"561\" data-end=\"586\">Rueda jockey de 48 mm<\/strong> para maniobras c\u00f3modas<\/li>\n<li data-section-id=\"13keado\" data-start=\"610\" data-end=\"626\"><strong data-start=\"612\" data-end=\"626\">Ruedas R13<\/strong><\/li>\n<li data-section-id=\"1fflwm8\" data-start=\"627\" data-end=\"659\"><strong data-start=\"629\" data-end=\"659\">Rueda de repuesto incluida<\/strong><\/li>\n<li data-section-id=\"kx2pi2\" data-start=\"660\" data-end=\"695\"><strong data-start=\"662\" data-end=\"695\">Conexi\u00f3n el\u00e9ctrica de 7 pines<\/strong><\/li>\n<\/ul>\n<p data-start=\"697\" data-end=\"800\">La opci\u00f3n perfecta si buscas un remolque pr\u00e1ctico, adaptable y listo para cualquier tipo de transporte.<\/p>\n","protected":false},"featured_media":125,"comment_status":"open","ping_status":"closed","template":"","meta":{"_seopress_robots_primary_cat":"","_seopress_titles_title":"","_seopress_titles_desc":"","_seopress_robots_index":""},"product_brand":[],"product_cat":[24],"product_tag":[],"class_list":{"0":"post-290","1":"product","2":"type-product","3":"status-publish","4":"has-post-thumbnail","6":"product_cat-remolques","8":"first","9":"instock","10":"shipping-taxable","11":"product-type-simple"},"yoast_head":"<!-- This site is optimized with the Yoast SEO plugin v27.2 - https:\/\/yoast.com\/product\/yoast-seo-wordpress\/ -->\n<title>Remolque mixto 3 motos y carga desmontable - Remolques Tocina<\/title>\n<meta name=\"robots\" content=\"index, follow, max-snippet:-1, max-image-preview:large, max-video-preview:-1\" \/>\n<link rel=\"canonical\" href=\"https:\/\/remolquestocina.com\/?product=remolque-mixto-3-motos-y-carga-desmontable\" \/>\n<meta property=\"og:locale\" content=\"es_ES\" \/>\n<meta property=\"og:type\" content=\"article\" \/>\n<meta property=\"og:title\" content=\"Remolque mixto 3 motos y carga desmontable - Remolques Tocina\" \/>\n<meta property=\"og:description\" content=\"Remolque Mixto para 3 Motos y Carga \u2013 M\u00e1xima Versatilidad en un Solo Remolque Remolque multifunci\u00f3n dise\u00f1ado para transportar hasta 3 motos o utilizarse como remolque de carga general gracias a su sistema adaptable. Caracter\u00edsticas principales:    Medidas: 220 cm de largo x 140 cm de ancho  Capacidad para hasta 3 motos  Portalones desmontables, f\u00e1cil carga y mayor versatilidad  1 eje sin freno, con capacidad de 750 kg  Enganche sin freno de 750 kg  Rueda jockey de 48 mm para maniobras c\u00f3modas  Ruedas R13  Rueda de repuesto incluida  Conexi\u00f3n el\u00e9ctrica de 7 pines  La opci\u00f3n perfecta si buscas un remolque pr\u00e1ctico, adaptable y listo para cualquier tipo de transporte.\" \/>\n<meta property=\"og:url\" content=\"https:\/\/remolquestocina.com\/?product=remolque-mixto-3-motos-y-carga-desmontable\" \/>\n<meta property=\"og:site_name\" content=\"Remolques Tocina\" \/>\n<meta property=\"article:modified_time\" content=\"2026-03-23T18:59:31+00:00\" \/>\n<meta property=\"og:image\" content=\"https:\/\/remolquestocina.com\/wp-content\/uploads\/2026\/03\/Remolque-descubierto-bajo.webp\" \/>\n\t<meta property=\"og:image:width\" content=\"1440\" \/>\n\t<meta property=\"og:image:height\" content=\"1920\" \/>\n\t<meta property=\"og:image:type\" content=\"image\/webp\" \/>\n<meta name=\"twitter:card\" content=\"summary_large_image\" \/>\n<meta name=\"twitter:label1\" content=\"Tiempo de lectura\" \/>\n\t<meta name=\"twitter:data1\" content=\"1 minuto\" \/>\n<script type=\"application\/ld+json\" class=\"yoast-schema-graph\">{\"@context\":\"https:\/\/schema.org\",\"@graph\":[{\"@type\":\"WebPage\",\"@id\":\"https:\/\/remolquestocina.com\/?product=remolque-mixto-3-motos-y-carga-desmontable\",\"url\":\"https:\/\/remolquestocina.com\/?product=remolque-mixto-3-motos-y-carga-desmontable\",\"name\":\"Remolque mixto 3 motos y carga desmontable - Remolques Tocina\",\"isPartOf\":{\"@id\":\"https:\/\/remolquestocina.com\/#website\"},\"primaryImageOfPage\":{\"@id\":\"https:\/\/remolquestocina.com\/?product=remolque-mixto-3-motos-y-carga-desmontable#primaryimage\"},\"image\":{\"@id\":\"https:\/\/remolquestocina.com\/?product=remolque-mixto-3-motos-y-carga-desmontable#primaryimage\"},\"thumbnailUrl\":\"https:\/\/remolquestocina.com\/wp-content\/uploads\/2026\/03\/Remolque-descubierto-bajo.webp\",\"datePublished\":\"2026-03-23T18:14:29+00:00\",\"dateModified\":\"2026-03-23T18:59:31+00:00\",\"breadcrumb\":{\"@id\":\"https:\/\/remolquestocina.com\/?product=remolque-mixto-3-motos-y-carga-desmontable#breadcrumb\"},\"inLanguage\":\"es\",\"potentialAction\":[{\"@type\":\"ReadAction\",\"target\":[\"https:\/\/remolquestocina.com\/?product=remolque-mixto-3-motos-y-carga-desmontable\"]}]},{\"@type\":\"ImageObject\",\"inLanguage\":\"es\",\"@id\":\"https:\/\/remolquestocina.com\/?product=remolque-mixto-3-motos-y-carga-desmontable#primaryimage\",\"url\":\"https:\/\/remolquestocina.com\/wp-content\/uploads\/2026\/03\/Remolque-descubierto-bajo.webp\",\"contentUrl\":\"https:\/\/remolquestocina.com\/wp-content\/uploads\/2026\/03\/Remolque-descubierto-bajo.webp\",\"width\":1440,\"height\":1920},{\"@type\":\"BreadcrumbList\",\"@id\":\"https:\/\/remolquestocina.com\/?product=remolque-mixto-3-motos-y-carga-desmontable#breadcrumb\",\"itemListElement\":[{\"@type\":\"ListItem\",\"position\":1,\"name\":\"Portada\",\"item\":\"https:\/\/remolquestocina.com\/\"},{\"@type\":\"ListItem\",\"position\":2,\"name\":\"Productos Categor\u00eda\",\"item\":\"https:\/\/remolquestocina.com\/?page_id=460\"},{\"@type\":\"ListItem\",\"position\":3,\"name\":\"Remolque mixto 3 motos y carga desmontable\"}]},{\"@type\":\"WebSite\",\"@id\":\"https:\/\/remolquestocina.com\/#website\",\"url\":\"https:\/\/remolquestocina.com\/\",\"name\":\"Remolques Tocina\",\"description\":\"Remolque de todo tipo a medida\",\"publisher\":{\"@id\":\"https:\/\/remolquestocina.com\/#organization\"},\"potentialAction\":[{\"@type\":\"SearchAction\",\"target\":{\"@type\":\"EntryPoint\",\"urlTemplate\":\"https:\/\/remolquestocina.com\/?s={search_term_string}\"},\"query-input\":{\"@type\":\"PropertyValueSpecification\",\"valueRequired\":true,\"valueName\":\"search_term_string\"}}],\"inLanguage\":\"es\"},{\"@type\":\"Organization\",\"@id\":\"https:\/\/remolquestocina.com\/#organization\",\"name\":\"Remolques Tocina\",\"url\":\"https:\/\/remolquestocina.com\/\",\"logo\":{\"@type\":\"ImageObject\",\"inLanguage\":\"es\",\"@id\":\"https:\/\/remolquestocina.com\/#\/schema\/logo\/image\/\",\"url\":\"http:\/\/remolquestocina.com\/wp-content\/uploads\/2026\/03\/LogoFavicon.webp\",\"contentUrl\":\"http:\/\/remolquestocina.com\/wp-content\/uploads\/2026\/03\/LogoFavicon.webp\",\"width\":740,\"height\":740,\"caption\":\"Remolques Tocina\"},\"image\":{\"@id\":\"https:\/\/remolquestocina.com\/#\/schema\/logo\/image\/\"},\"sameAs\":[\"https:\/\/www.instagram.com\/remolquestocina\/\"]}]}<\/script>\n<!-- \/ Yoast SEO plugin. -->","yoast_head_json":{"title":"Remolque mixto 3 motos y carga desmontable - Remolques Tocina","robots":{"index":"index","follow":"follow","max-snippet":"max-snippet:-1","max-image-preview":"max-image-preview:large","max-video-preview":"max-video-preview:-1"},"canonical":"https:\/\/remolquestocina.com\/?product=remolque-mixto-3-motos-y-carga-desmontable","og_locale":"es_ES","og_type":"article","og_title":"Remolque mixto 3 motos y carga desmontable - Remolques Tocina","og_description":"Remolque Mixto para 3 Motos y Carga \u2013 M\u00e1xima Versatilidad en un Solo Remolque Remolque multifunci\u00f3n dise\u00f1ado para transportar hasta 3 motos o utilizarse como remolque de carga general gracias a su sistema adaptable. Caracter\u00edsticas principales:    Medidas: 220 cm de largo x 140 cm de ancho  Capacidad para hasta 3 motos  Portalones desmontables, f\u00e1cil carga y mayor versatilidad  1 eje sin freno, con capacidad de 750 kg  Enganche sin freno de 750 kg  Rueda jockey de 48 mm para maniobras c\u00f3modas  Ruedas R13  Rueda de repuesto incluida  Conexi\u00f3n el\u00e9ctrica de 7 pines  La opci\u00f3n perfecta si buscas un remolque pr\u00e1ctico, adaptable y listo para cualquier tipo de transporte.","og_url":"https:\/\/remolquestocina.com\/?product=remolque-mixto-3-motos-y-carga-desmontable","og_site_name":"Remolques Tocina","article_modified_time":"2026-03-23T18:59:31+00:00","og_image":[{"width":1440,"height":1920,"url":"https:\/\/remolquestocina.com\/wp-content\/uploads\/2026\/03\/Remolque-descubierto-bajo.webp","type":"image\/webp"}],"twitter_card":"summary_large_image","twitter_misc":{"Tiempo de lectura":"1 minuto"},"schema":{"@context":"https:\/\/schema.org","@graph":[{"@type":"WebPage","@id":"https:\/\/remolquestocina.com\/?product=remolque-mixto-3-motos-y-carga-desmontable","url":"https:\/\/remolquestocina.com\/?product=remolque-mixto-3-motos-y-carga-desmontable","name":"Remolque mixto 3 motos y carga desmontable - Remolques Tocina","isPartOf":{"@id":"https:\/\/remolquestocina.com\/#website"},"primaryImageOfPage":{"@id":"https:\/\/remolquestocina.com\/?product=remolque-mixto-3-motos-y-carga-desmontable#primaryimage"},"image":{"@id":"https:\/\/remolquestocina.com\/?product=remolque-mixto-3-motos-y-carga-desmontable#primaryimage"},"thumbnailUrl":"https:\/\/remolquestocina.com\/wp-content\/uploads\/2026\/03\/Remolque-descubierto-bajo.webp","datePublished":"2026-03-23T18:14:29+00:00","dateModified":"2026-03-23T18:59:31+00:00","breadcrumb":{"@id":"https:\/\/remolquestocina.com\/?product=remolque-mixto-3-motos-y-carga-desmontable#breadcrumb"},"inLanguage":"es","potentialAction":[{"@type":"ReadAction","target":["https:\/\/remolquestocina.com\/?product=remolque-mixto-3-motos-y-carga-desmontable"]}]},{"@type":"ImageObject","inLanguage":"es","@id":"https:\/\/remolquestocina.com\/?product=remolque-mixto-3-motos-y-carga-desmontable#primaryimage","url":"https:\/\/remolquestocina.com\/wp-content\/uploads\/2026\/03\/Remolque-descubierto-bajo.webp","contentUrl":"https:\/\/remolquestocina.com\/wp-content\/uploads\/2026\/03\/Remolque-descubierto-bajo.webp","width":1440,"height":1920},{"@type":"BreadcrumbList","@id":"https:\/\/remolquestocina.com\/?product=remolque-mixto-3-motos-y-carga-desmontable#breadcrumb","itemListElement":[{"@type":"ListItem","position":1,"name":"Portada","item":"https:\/\/remolquestocina.com\/"},{"@type":"ListItem","position":2,"name":"Productos Categor\u00eda","item":"https:\/\/remolquestocina.com\/?page_id=460"},{"@type":"ListItem","position":3,"name":"Remolque mixto 3 motos y carga desmontable"}]},{"@type":"WebSite","@id":"https:\/\/remolquestocina.com\/#website","url":"https:\/\/remolquestocina.com\/","name":"Remolques Tocina","description":"Remolque de todo tipo a medida","publisher":{"@id":"https:\/\/remolquestocina.com\/#organization"},"potentialAction":[{"@type":"SearchAction","target":{"@type":"EntryPoint","urlTemplate":"https:\/\/remolquestocina.com\/?s={search_term_string}"},"query-input":{"@type":"PropertyValueSpecification","valueRequired":true,"valueName":"search_term_string"}}],"inLanguage":"es"},{"@type":"Organization","@id":"https:\/\/remolquestocina.com\/#organization","name":"Remolques Tocina","url":"https:\/\/remolquestocina.com\/","logo":{"@type":"ImageObject","inLanguage":"es","@id":"https:\/\/remolquestocina.com\/#\/schema\/logo\/image\/","url":"http:\/\/remolquestocina.com\/wp-content\/uploads\/2026\/03\/LogoFavicon.webp","contentUrl":"http:\/\/remolquestocina.com\/wp-content\/uploads\/2026\/03\/LogoFavicon.webp","width":740,"height":740,"caption":"Remolques Tocina"},"image":{"@id":"https:\/\/remolquestocina.com\/#\/schema\/logo\/image\/"},"sameAs":["https:\/\/www.instagram.com\/remolquestocina\/"]}]}},"_links":{"self":[{"href":"https:\/\/remolquestocina.com\/index.php?rest_route=\/wp\/v2\/product\/290","targetHints":{"allow":["GET"]}}],"collection":[{"href":"https:\/\/remolquestocina.com\/index.php?rest_route=\/wp\/v2\/product"}],"about":[{"href":"https:\/\/remolquestocina.com\/index.php?rest_route=\/wp\/v2\/types\/product"}],"replies":[{"embeddable":true,"href":"https:\/\/remolquestocina.com\/index.php?rest_route=%2Fwp%2Fv2%2Fcomments&post=290"}],"version-history":[{"count":0,"href":"https:\/\/remolquestocina.com\/index.php?rest_route=\/wp\/v2\/product\/290\/revisions"}],"wp:featuredmedia":[{"embeddable":true,"href":"https:\/\/remolquestocina.com\/index.php?rest_route=\/wp\/v2\/media\/125"}],"wp:attachment":[{"href":"https:\/\/remolquestocina.com\/index.php?rest_route=%2Fwp%2Fv2%2Fmedia&parent=290"}],"wp:term":[{"taxonomy":"product_brand","embeddable":true,"href":"https:\/\/remolquestocina.com\/index.php?rest_route=%2Fwp%2Fv2%2Fproduct_brand&post=290"},{"taxonomy":"product_cat","embeddable":true,"href":"https:\/\/remolquestocina.com\/index.php?rest_route=%2Fwp%2Fv2%2Fproduct_cat&post=290"},{"taxonomy":"product_tag","embeddable":true,"href":"https:\/\/remolquestocina.com\/index.php?rest_route=%2Fwp%2Fv2%2Fproduct_tag&post=290"}],"curies":[{"name":"wp","href":"https:\/\/api.w.org\/{rel}","templated":true}]}}