{"id":13,"date":"2026-03-16T17:55:58","date_gmt":"2026-03-16T17:55:58","guid":{"rendered":"https:\/\/remolquestocina.com\/index.php\/galeria\/"},"modified":"2026-04-28T18:56:36","modified_gmt":"2026-04-28T18:56:36","slug":"galeria","status":"publish","type":"page","link":"https:\/\/remolquestocina.com\/?page_id=13","title":{"rendered":"Galer\u00eda"},"content":{"rendered":"\t\t<div data-elementor-type=\"wp-page\" data-elementor-id=\"13\" class=\"elementor elementor-13\" data-elementor-post-type=\"page\">\n\t\t\t\t<div class=\"elementor-element elementor-element-d445f14 e-flex e-con-boxed e-con e-parent\" data-id=\"d445f14\" data-element_type=\"container\" data-e-type=\"container\" data-settings=\"{&quot;background_background&quot;:&quot;classic&quot;}\">\n\t\t\t\t\t<div class=\"e-con-inner\">\n\t\t\t\t<div class=\"elementor-element elementor-element-7a70705 elementor-widget elementor-widget-heading\" data-id=\"7a70705\" data-element_type=\"widget\" data-e-type=\"widget\" data-widget_type=\"heading.default\">\n\t\t\t\t\t<h5 class=\"elementor-heading-title elementor-size-default\">Calidad y confianza<\/h5>\t\t\t\t<\/div>\n\t\t\t\t<div class=\"elementor-element elementor-element-31f1e83 elementor-widget elementor-widget-heading\" data-id=\"31f1e83\" data-element_type=\"widget\" data-e-type=\"widget\" data-widget_type=\"heading.default\">\n\t\t\t\t\t<h2 class=\"elementor-heading-title elementor-size-default\">Bienvenido a nuestros remolques<\/h2>\t\t\t\t<\/div>\n\t\t\t\t<div class=\"elementor-element elementor-element-e27c2ca elementor-widget__width-initial elementor-widget elementor-widget-text-editor\" data-id=\"e27c2ca\" data-element_type=\"widget\" data-e-type=\"widget\" data-widget_type=\"text-editor.default\">\n\t\t\t\t\t\t\t\t\t<p>Descubre nuestra selecci\u00f3n de remolques dise\u00f1ados para cumplir con tus necesidades. Ofrecemos productos de alta calidad, perfectos para el transporte eficiente de veh\u00edculos. Estamos aqu\u00ed para ayudarte en cada paso del proceso para que encuentres la mejor opci\u00f3n.<\/p>\t\t\t\t\t\t\t\t<\/div>\n\t\t<div class=\"elementor-element elementor-element-8845d9f e-con-full e-flex e-con e-child\" data-id=\"8845d9f\" data-element_type=\"container\" data-e-type=\"container\">\n\t\t\t\t<div class=\"elementor-element elementor-element-7c77787 elementor-widget__width-auto elementor-mobile-align-center elementor-widget elementor-widget-button\" data-id=\"7c77787\" data-element_type=\"widget\" data-e-type=\"widget\" data-widget_type=\"button.default\">\n\t\t\t\t\t\t\t\t\t\t<a class=\"elementor-button elementor-button-link elementor-size-sm\" href=\"https:\/\/remolquestocina.com\/contactanos\/\">\n\t\t\t\t\t\t<span class=\"elementor-button-content-wrapper\">\n\t\t\t\t\t\t\t\t\t<span class=\"elementor-button-text\">Cont\u00e1ctanos<\/span>\n\t\t\t\t\t<\/span>\n\t\t\t\t\t<\/a>\n\t\t\t\t\t\t\t\t<\/div>\n\t\t\t\t<\/div>\n\t\t\t\t\t<\/div>\n\t\t\t\t<\/div>\n\t\t<div class=\"elementor-element elementor-element-51b6a8e e-flex e-con-boxed e-con e-parent\" data-id=\"51b6a8e\" data-element_type=\"container\" data-e-type=\"container\">\n\t\t\t\t\t<div class=\"e-con-inner\">\n\t\t\t\t<div class=\"elementor-element elementor-element-3b5938d elementor-grid-2 elementor-grid-tablet-2 elementor-product-loop-item--align-center elementor-product-loop-item--align-center elementor-widget__width-initial elementor-grid-mobile-2 elementor-products-grid elementor-wc-products elementor-widget elementor-widget-wc-categories\" data-id=\"3b5938d\" data-element_type=\"widget\" data-e-type=\"widget\" data-widget_type=\"wc-categories.default\">\n\t\t\t\t\t<div class=\"woocommerce columns-2\"><ul class=\"products elementor-grid columns-2\">\n<li class=\"product-category product first\">\n\t<a aria-label=\"Visitar la categor\u00eda de producto Remolques\" href=\"https:\/\/remolquestocina.com\/?product_cat=remolques\"><img fetchpriority=\"high\" decoding=\"async\" src=\"https:\/\/remolquestocina.com\/wp-content\/uploads\/2026\/03\/LogoFavicon-300x300.webp\" alt=\"Remolques\" width=\"300\" height=\"300\" srcset=\"https:\/\/remolquestocina.com\/wp-content\/uploads\/2026\/03\/LogoFavicon-300x300.png 300w, https:\/\/remolquestocina.com\/wp-content\/uploads\/2026\/03\/LogoFavicon-100x100.webp 100w, https:\/\/remolquestocina.com\/wp-content\/uploads\/2026\/03\/LogoFavicon-600x600.webp 600w, https:\/\/remolquestocina.com\/wp-content\/uploads\/2026\/03\/LogoFavicon-150x150.png 150w, https:\/\/remolquestocina.com\/wp-content\/uploads\/2026\/03\/LogoFavicon.webp 740w\" sizes=\"(max-width: 300px) 100vw, 300px\" \/>\t\t<h2 class=\"woocommerce-loop-category__title\">\n\t\t\tRemolques <mark class=\"count\">(10)<\/mark>\t\t<\/h2>\n\t\t<\/a><\/li>\n<li class=\"product-category product last\">\n\t<a aria-label=\"Visitar la categor\u00eda de producto Repuestos\" href=\"https:\/\/remolquestocina.com\/?product_cat=repuestos\"><img decoding=\"async\" src=\"https:\/\/remolquestocina.com\/wp-content\/uploads\/2026\/04\/repuestos-300x300.jpg\" alt=\"Repuestos\" width=\"300\" height=\"300\" srcset=\"https:\/\/remolquestocina.com\/wp-content\/uploads\/2026\/04\/repuestos-300x300.jpg 300w, https:\/\/remolquestocina.com\/wp-content\/uploads\/2026\/04\/repuestos-1024x1024.jpg 1024w, https:\/\/remolquestocina.com\/wp-content\/uploads\/2026\/04\/repuestos-150x150.jpg 150w, https:\/\/remolquestocina.com\/wp-content\/uploads\/2026\/04\/repuestos-768x768.jpg 768w, https:\/\/remolquestocina.com\/wp-content\/uploads\/2026\/04\/repuestos-1536x1536.jpg 1536w, https:\/\/remolquestocina.com\/wp-content\/uploads\/2026\/04\/repuestos-600x600.jpg 600w, https:\/\/remolquestocina.com\/wp-content\/uploads\/2026\/04\/repuestos-100x100.jpg 100w, https:\/\/remolquestocina.com\/wp-content\/uploads\/2026\/04\/repuestos.jpg 1920w\" sizes=\"(max-width: 300px) 100vw, 300px\" \/>\t\t<h2 class=\"woocommerce-loop-category__title\">\n\t\t\tRepuestos <mark class=\"count\">(1)<\/mark>\t\t<\/h2>\n\t\t<\/a><\/li>\n<\/ul>\n<\/div>\t\t\t\t<\/div>\n\t\t\t\t\t<\/div>\n\t\t\t\t<\/div>\n\t\t<div class=\"elementor-element elementor-element-37a009b e-flex e-con-boxed e-con e-parent\" data-id=\"37a009b\" data-element_type=\"container\" data-e-type=\"container\">\n\t\t\t\t\t<div class=\"e-con-inner\">\n\t\t\t\t<div class=\"elementor-element elementor-element-65e462b elementor-widget elementor-widget-text-editor\" data-id=\"65e462b\" data-element_type=\"widget\" data-e-type=\"widget\" data-widget_type=\"text-editor.default\">\n\t\t\t\t\t\t\t\t\t<h1><strong>\u00daltimas novedades<\/strong><\/h1>\t\t\t\t\t\t\t\t<\/div>\n\t\t\t\t<div class=\"elementor-element elementor-element-106da59 elementor-product-loop-item--align-center elementor-grid-4 elementor-grid-tablet-3 elementor-grid-mobile-2 elementor-products-grid elementor-wc-products elementor-widget elementor-widget-woocommerce-products\" data-id=\"106da59\" data-element_type=\"widget\" data-e-type=\"widget\" data-widget_type=\"woocommerce-products.default\">\n\t\t\t\t<div class=\"elementor-widget-container\">\n\t\t\t\t\t<div class=\"woocommerce columns-4 \"><ul class=\"products elementor-grid columns-4\">\n<li class=\"product type-product post-446 status-publish first instock product_cat-repuestos has-post-thumbnail shipping-taxable product-type-simple\">\n\t<a href=\"https:\/\/remolquestocina.com\/?product=eje-sin-freno\" class=\"woocommerce-LoopProduct-link woocommerce-loop-product__link\"><img decoding=\"async\" width=\"300\" height=\"300\" src=\"https:\/\/remolquestocina.com\/wp-content\/uploads\/2026\/04\/111884529-pending-bl-ack-stamp-in-spanish-language-sign-label-sticker-300x300.jpg\" class=\"attachment-woocommerce_thumbnail size-woocommerce_thumbnail\" alt=\"Eje sin freno\" srcset=\"https:\/\/remolquestocina.com\/wp-content\/uploads\/2026\/04\/111884529-pending-bl-ack-stamp-in-spanish-language-sign-label-sticker-300x300.jpg 300w, https:\/\/remolquestocina.com\/wp-content\/uploads\/2026\/04\/111884529-pending-bl-ack-stamp-in-spanish-language-sign-label-sticker-150x150.jpg 150w, https:\/\/remolquestocina.com\/wp-content\/uploads\/2026\/04\/111884529-pending-bl-ack-stamp-in-spanish-language-sign-label-sticker-100x100.jpg 100w\" sizes=\"(max-width: 300px) 100vw, 300px\" \/><h2 class=\"woocommerce-loop-product__title\">Eje sin freno<\/h2>\n<\/a><div class=\"woocommerce-loop-product__buttons\"><a href=\"https:\/\/remolquestocina.com\/?product=eje-sin-freno\" aria-describedby=\"woocommerce_loop_add_to_cart_link_describedby_446\" data-quantity=\"1\" class=\"button product_type_simple\" data-product_id=\"446\" data-product_sku=\"\" aria-label=\"Lee m\u00e1s sobre &ldquo;Eje sin freno&rdquo;\" rel=\"nofollow\" data-success_message=\"\">Leer m\u00e1s<\/a><\/div>\t<span id=\"woocommerce_loop_add_to_cart_link_describedby_446\" class=\"screen-reader-text\">\n\t\t\t<\/span>\n<\/li>\n<li class=\"product type-product post-305 status-publish instock product_cat-remolques has-post-thumbnail shipping-taxable product-type-simple\">\n\t<a href=\"https:\/\/remolquestocina.com\/?product=remolque-caja-cerrada-2\" class=\"woocommerce-LoopProduct-link woocommerce-loop-product__link\"><img loading=\"lazy\" decoding=\"async\" width=\"300\" height=\"300\" src=\"https:\/\/remolquestocina.com\/wp-content\/uploads\/2026\/03\/Remolque-2-ejes-gris-scaled-300x300.webp\" class=\"attachment-woocommerce_thumbnail size-woocommerce_thumbnail\" alt=\"Remolque caja cerrada 2 ejes\" srcset=\"https:\/\/remolquestocina.com\/wp-content\/uploads\/2026\/03\/Remolque-2-ejes-gris-scaled-300x300.webp 300w, https:\/\/remolquestocina.com\/wp-content\/uploads\/2026\/03\/Remolque-2-ejes-gris-scaled-100x100.webp 100w, https:\/\/remolquestocina.com\/wp-content\/uploads\/2026\/03\/Remolque-2-ejes-gris-150x150.webp 150w\" sizes=\"(max-width: 300px) 100vw, 300px\" \/><h2 class=\"woocommerce-loop-product__title\">Remolque caja cerrada 2 ejes<\/h2>\n<\/a><div class=\"woocommerce-loop-product__buttons\"><a href=\"https:\/\/remolquestocina.com\/?product=remolque-caja-cerrada-2\" aria-describedby=\"woocommerce_loop_add_to_cart_link_describedby_305\" data-quantity=\"1\" class=\"button product_type_simple\" data-product_id=\"305\" data-product_sku=\"\" aria-label=\"Lee m\u00e1s sobre &ldquo;Remolque caja cerrada 2 ejes&rdquo;\" rel=\"nofollow\" data-success_message=\"\">Leer m\u00e1s<\/a><\/div>\t<span id=\"woocommerce_loop_add_to_cart_link_describedby_305\" class=\"screen-reader-text\">\n\t\t\t<\/span>\n<\/li>\n<li class=\"product type-product post-302 status-publish instock product_cat-remolques has-post-thumbnail shipping-taxable product-type-simple\">\n\t<a href=\"https:\/\/remolquestocina.com\/?product=remolque-jaula-de-animales-vivos\" class=\"woocommerce-LoopProduct-link woocommerce-loop-product__link\"><img loading=\"lazy\" decoding=\"async\" width=\"300\" height=\"300\" src=\"https:\/\/remolquestocina.com\/wp-content\/uploads\/2026\/03\/Remolque-cubierto-5-scaled-300x300.webp\" class=\"attachment-woocommerce_thumbnail size-woocommerce_thumbnail\" alt=\"Remolque jaula de animales vivos\" srcset=\"https:\/\/remolquestocina.com\/wp-content\/uploads\/2026\/03\/Remolque-cubierto-5-scaled-300x300.webp 300w, https:\/\/remolquestocina.com\/wp-content\/uploads\/2026\/03\/Remolque-cubierto-5-scaled-100x100.webp 100w, https:\/\/remolquestocina.com\/wp-content\/uploads\/2026\/03\/Remolque-cubierto-5-150x150.webp 150w\" sizes=\"(max-width: 300px) 100vw, 300px\" \/><h2 class=\"woocommerce-loop-product__title\">Remolque jaula de animales vivos<\/h2>\n<\/a><div class=\"woocommerce-loop-product__buttons\"><a href=\"https:\/\/remolquestocina.com\/?product=remolque-jaula-de-animales-vivos\" aria-describedby=\"woocommerce_loop_add_to_cart_link_describedby_302\" data-quantity=\"1\" class=\"button product_type_simple\" data-product_id=\"302\" data-product_sku=\"\" aria-label=\"Lee m\u00e1s sobre &ldquo;Remolque jaula de animales vivos&rdquo;\" rel=\"nofollow\" data-success_message=\"\">Leer m\u00e1s<\/a><\/div>\t<span id=\"woocommerce_loop_add_to_cart_link_describedby_302\" class=\"screen-reader-text\">\n\t\t\t<\/span>\n<\/li>\n<li class=\"product type-product post-299 status-publish last instock product_cat-remolques has-post-thumbnail shipping-taxable product-type-simple\">\n\t<a href=\"https:\/\/remolquestocina.com\/?product=remolque-basculante\" class=\"woocommerce-LoopProduct-link woocommerce-loop-product__link\"><img loading=\"lazy\" decoding=\"async\" width=\"300\" height=\"300\" src=\"https:\/\/remolquestocina.com\/wp-content\/uploads\/2026\/03\/Remolque-abatible-4-scaled-300x300.webp\" class=\"attachment-woocommerce_thumbnail size-woocommerce_thumbnail\" alt=\"Remolque basculante\" srcset=\"https:\/\/remolquestocina.com\/wp-content\/uploads\/2026\/03\/Remolque-abatible-4-scaled-300x300.webp 300w, https:\/\/remolquestocina.com\/wp-content\/uploads\/2026\/03\/Remolque-abatible-4-scaled-100x100.webp 100w, https:\/\/remolquestocina.com\/wp-content\/uploads\/2026\/03\/Remolque-abatible-4-150x150.webp 150w\" sizes=\"(max-width: 300px) 100vw, 300px\" \/><h2 class=\"woocommerce-loop-product__title\">Remolque basculante<\/h2>\n<\/a><div class=\"woocommerce-loop-product__buttons\"><a href=\"https:\/\/remolquestocina.com\/?product=remolque-basculante\" aria-describedby=\"woocommerce_loop_add_to_cart_link_describedby_299\" data-quantity=\"1\" class=\"button product_type_simple\" data-product_id=\"299\" data-product_sku=\"\" aria-label=\"Lee m\u00e1s sobre &ldquo;Remolque basculante&rdquo;\" rel=\"nofollow\" data-success_message=\"\">Leer m\u00e1s<\/a><\/div>\t<span id=\"woocommerce_loop_add_to_cart_link_describedby_299\" class=\"screen-reader-text\">\n\t\t\t<\/span>\n<\/li>\n<\/ul>\n<\/div>\t\t\t\t<\/div>\n\t\t\t\t<\/div>\n\t\t\t\t\t<\/div>\n\t\t\t\t<\/div>\n\t\t<div class=\"elementor-element elementor-element-b797c45 e-flex e-con-boxed e-con e-parent\" data-id=\"b797c45\" data-element_type=\"container\" data-e-type=\"container\" data-settings=\"{&quot;background_background&quot;:&quot;classic&quot;}\">\n\t\t\t\t\t<div class=\"e-con-inner\">\n\t\t\t\t<div class=\"elementor-element elementor-element-1a3e9f3 elementor-cta--layout-image-right elementor-cta--mobile-layout-image-above elementor-cta--skin-classic elementor-animated-content elementor-widget elementor-widget-call-to-action\" data-id=\"1a3e9f3\" data-element_type=\"widget\" data-e-type=\"widget\" data-widget_type=\"call-to-action.default\">\n\t\t\t\t\t\t\t<div class=\"elementor-cta\">\n\t\t\t\t\t\t\t<div class=\"elementor-cta__content\">\n\t\t\t\t\n\t\t\t\t\t\t\t\t\t<h2 class=\"elementor-cta__title elementor-cta__content-item elementor-content-item\">\n\t\t\t\t\t\tSolicite su Presupuesto Sin Compromiso\t\t\t\t\t<\/h2>\n\t\t\t\t\n\t\t\t\t\t\t\t\t\t<div class=\"elementor-cta__description elementor-cta__content-item elementor-content-item\">\n\t\t\t\t\t\tNuestros remolques para coches destacan por su calidad y dise\u00f1o. Cont\u00e1ctenos hoy para obtener m\u00e1s informaci\u00f3n o para un presupuesto personalizado.\t\t\t\t\t<\/div>\n\t\t\t\t\n\t\t\t\t\t\t\t\t\t<div class=\"elementor-cta__button-wrapper elementor-cta__content-item elementor-content-item \">\n\t\t\t\t\t<a class=\"elementor-cta__button elementor-button elementor-size-md\" href=\"https:\/\/remolquestocina.com\/contactanos\/\">\n\t\t\t\t\t\tEnv\u00edenos un Mensaje\t\t\t\t\t<\/a>\n\t\t\t\t\t<\/div>\n\t\t\t\t\t\t\t<\/div>\n\t\t\t\t\t\t<\/div>\n\t\t\t\t\t\t<\/div>\n\t\t\t\t\t<\/div>\n\t\t\t\t<\/div>\n\t\t<div class=\"elementor-element elementor-element-0fe9e79 e-flex e-con-boxed e-con e-parent\" data-id=\"0fe9e79\" data-element_type=\"container\" data-e-type=\"container\">\n\t\t\t\t\t<div class=\"e-con-inner\">\n\t\t<div class=\"elementor-element elementor-element-e4ad772 e-con-full e-flex e-con e-child\" data-id=\"e4ad772\" data-element_type=\"container\" data-e-type=\"container\">\n\t\t\t\t<div class=\"elementor-element elementor-element-5b7744b elementor-widget-tablet__width-inherit elementor-widget elementor-widget-heading\" data-id=\"5b7744b\" data-element_type=\"widget\" data-e-type=\"widget\" data-widget_type=\"heading.default\">\n\t\t\t\t\t<h2 class=\"elementor-heading-title elementor-size-default\">Opiniones de Clientes<\/h2>\t\t\t\t<\/div>\n\t\t<div class=\"elementor-element elementor-element-fc9c6c8 e-grid e-con-boxed e-con e-child\" data-id=\"fc9c6c8\" data-element_type=\"container\" data-e-type=\"container\">\n\t\t\t\t\t<div class=\"e-con-inner\">\n\t\t\t\t<div class=\"elementor-element elementor-element-1710f16 elementor-widget-tablet__width-initial elementor-widget-mobile__width-inherit elementor-widget elementor-widget-testimonial\" data-id=\"1710f16\" data-element_type=\"widget\" data-e-type=\"widget\" data-widget_type=\"testimonial.default\">\n\t\t\t\t\t\t\t<div class=\"elementor-testimonial-wrapper\">\n\t\t\t\t\t\t\t<div class=\"elementor-testimonial-content\">\u201cGracias a este remolque, he podido realizar transportes de manera segura y eficiente. Sin duda, una excelente inversi\u00f3n para cualquier conductor.\u201d<\/div>\n\t\t\t\n\t\t\t\t\t\t<div class=\"elementor-testimonial-meta\">\n\t\t\t\t<div class=\"elementor-testimonial-meta-inner\">\n\t\t\t\t\t\n\t\t\t\t\t\t\t\t\t\t<div class=\"elementor-testimonial-details\">\n\t\t\t\t\t\t\t\t\t\t\t\t\t\t<div class=\"elementor-testimonial-name\">Juan P\u00e9rez<\/div>\n\t\t\t\t\t\t\t\t\t\t\t\t\t\t\t\t\t\t\t<\/div>\n\t\t\t\t\t\t\t\t\t<\/div>\n\t\t\t<\/div>\n\t\t\t\t\t<\/div>\n\t\t\t\t\t\t<\/div>\n\t\t\t\t<div class=\"elementor-element elementor-element-4b18754 elementor-widget-tablet__width-initial elementor-widget-mobile__width-inherit elementor-widget elementor-widget-testimonial\" data-id=\"4b18754\" data-element_type=\"widget\" data-e-type=\"widget\" data-widget_type=\"testimonial.default\">\n\t\t\t\t\t\t\t<div class=\"elementor-testimonial-wrapper\">\n\t\t\t\t\t\t\t<div class=\"elementor-testimonial-content\">\u201cEl servicio fue impecable. El remolque cumple con todas mis expectativas y facilita mucho mis viajes. Muy recomendable para quienes necesitan fiabilidad.\u201d<\/div>\n\t\t\t\n\t\t\t\t\t\t<div class=\"elementor-testimonial-meta\">\n\t\t\t\t<div class=\"elementor-testimonial-meta-inner\">\n\t\t\t\t\t\n\t\t\t\t\t\t\t\t\t\t<div class=\"elementor-testimonial-details\">\n\t\t\t\t\t\t\t\t\t\t\t\t\t\t<div class=\"elementor-testimonial-name\">Mar\u00eda G\u00f3mez<\/div>\n\t\t\t\t\t\t\t\t\t\t\t\t\t\t\t\t\t\t\t<\/div>\n\t\t\t\t\t\t\t\t\t<\/div>\n\t\t\t<\/div>\n\t\t\t\t\t<\/div>\n\t\t\t\t\t\t<\/div>\n\t\t\t\t\t<\/div>\n\t\t\t\t<\/div>\n\t\t\t\t<\/div>\n\t\t\t\t\t<\/div>\n\t\t\t\t<\/div>\n\t\t\t\t<\/div>\n\t\t","protected":false},"excerpt":{"rendered":"<p>Calidad y confianza Bienvenido a nuestros remolques Descubre nuestra selecci\u00f3n de remolques dise\u00f1ados para cumplir con tus necesidades. Ofrecemos productos de alta calidad, perfectos para el transporte eficiente de veh\u00edculos. Estamos aqu\u00ed para ayudarte en cada paso del proceso para que encuentres la mejor opci\u00f3n. Cont\u00e1ctanos \u00daltimas novedades Solicite su Presupuesto Sin Compromiso Nuestros remolques [&hellip;]<\/p>\n","protected":false},"author":1,"featured_media":0,"parent":0,"menu_order":0,"comment_status":"closed","ping_status":"closed","template":"elementor_header_footer","meta":{"_seopress_robots_primary_cat":"","_seopress_titles_title":"","_seopress_titles_desc":"","_seopress_robots_index":"","footnotes":""},"class_list":["post-13","page","type-page","status-publish","hentry"],"yoast_head":"<!-- This site is optimized with the Yoast SEO plugin v27.2 - https:\/\/yoast.com\/product\/yoast-seo-wordpress\/ -->\n<title>Galer\u00eda - Remolques Tocina<\/title>\n<meta name=\"robots\" content=\"index, follow, max-snippet:-1, max-image-preview:large, max-video-preview:-1\" \/>\n<link rel=\"canonical\" href=\"https:\/\/remolquestocina.com\/?page_id=13\" \/>\n<meta property=\"og:locale\" content=\"es_ES\" \/>\n<meta property=\"og:type\" content=\"article\" \/>\n<meta property=\"og:title\" content=\"Galer\u00eda - Remolques Tocina\" \/>\n<meta property=\"og:description\" content=\"Calidad y confianza Bienvenido a nuestros remolques Descubre nuestra selecci\u00f3n de remolques dise\u00f1ados para cumplir con tus necesidades. Ofrecemos productos de alta calidad, perfectos para el transporte eficiente de veh\u00edculos. Estamos aqu\u00ed para ayudarte en cada paso del proceso para que encuentres la mejor opci\u00f3n. Cont\u00e1ctanos \u00daltimas novedades Solicite su Presupuesto Sin Compromiso Nuestros remolques [&hellip;]\" \/>\n<meta property=\"og:url\" content=\"https:\/\/remolquestocina.com\/?page_id=13\" \/>\n<meta property=\"og:site_name\" content=\"Remolques Tocina\" \/>\n<meta property=\"article:modified_time\" content=\"2026-04-28T18:56:36+00:00\" \/>\n<meta property=\"og:image\" content=\"https:\/\/remolquestocina.com\/wp-content\/uploads\/2026\/03\/LOGO-RT.png\" \/>\n\t<meta property=\"og:image:width\" content=\"149\" \/>\n\t<meta property=\"og:image:height\" content=\"149\" \/>\n\t<meta property=\"og:image:type\" content=\"image\/png\" \/>\n<meta name=\"twitter:card\" content=\"summary_large_image\" \/>\n<meta name=\"twitter:label1\" content=\"Tiempo de lectura\" \/>\n\t<meta name=\"twitter:data1\" content=\"1 minuto\" \/>\n<script type=\"application\/ld+json\" class=\"yoast-schema-graph\">{\"@context\":\"https:\/\/schema.org\",\"@graph\":[{\"@type\":\"WebPage\",\"@id\":\"https:\/\/remolquestocina.com\/?page_id=13\",\"url\":\"https:\/\/remolquestocina.com\/?page_id=13\",\"name\":\"Galer\u00eda - Remolques Tocina\",\"isPartOf\":{\"@id\":\"https:\/\/remolquestocina.com\/#website\"},\"datePublished\":\"2026-03-16T17:55:58+00:00\",\"dateModified\":\"2026-04-28T18:56:36+00:00\",\"breadcrumb\":{\"@id\":\"https:\/\/remolquestocina.com\/?page_id=13#breadcrumb\"},\"inLanguage\":\"es\",\"potentialAction\":[{\"@type\":\"ReadAction\",\"target\":[\"https:\/\/remolquestocina.com\/?page_id=13\"]}]},{\"@type\":\"BreadcrumbList\",\"@id\":\"https:\/\/remolquestocina.com\/?page_id=13#breadcrumb\",\"itemListElement\":[{\"@type\":\"ListItem\",\"position\":1,\"name\":\"Portada\",\"item\":\"https:\/\/remolquestocina.com\/\"},{\"@type\":\"ListItem\",\"position\":2,\"name\":\"Galer\u00eda\"}]},{\"@type\":\"WebSite\",\"@id\":\"https:\/\/remolquestocina.com\/#website\",\"url\":\"https:\/\/remolquestocina.com\/\",\"name\":\"Remolques Tocina\",\"description\":\"Remolque de todo tipo a medida\",\"publisher\":{\"@id\":\"https:\/\/remolquestocina.com\/#organization\"},\"potentialAction\":[{\"@type\":\"SearchAction\",\"target\":{\"@type\":\"EntryPoint\",\"urlTemplate\":\"https:\/\/remolquestocina.com\/?s={search_term_string}\"},\"query-input\":{\"@type\":\"PropertyValueSpecification\",\"valueRequired\":true,\"valueName\":\"search_term_string\"}}],\"inLanguage\":\"es\"},{\"@type\":\"Organization\",\"@id\":\"https:\/\/remolquestocina.com\/#organization\",\"name\":\"Remolques Tocina\",\"url\":\"https:\/\/remolquestocina.com\/\",\"logo\":{\"@type\":\"ImageObject\",\"inLanguage\":\"es\",\"@id\":\"https:\/\/remolquestocina.com\/#\/schema\/logo\/image\/\",\"url\":\"http:\/\/remolquestocina.com\/wp-content\/uploads\/2026\/03\/LogoFavicon.webp\",\"contentUrl\":\"http:\/\/remolquestocina.com\/wp-content\/uploads\/2026\/03\/LogoFavicon.webp\",\"width\":740,\"height\":740,\"caption\":\"Remolques Tocina\"},\"image\":{\"@id\":\"https:\/\/remolquestocina.com\/#\/schema\/logo\/image\/\"},\"sameAs\":[\"https:\/\/www.instagram.com\/remolquestocina\/\"]}]}<\/script>\n<!-- \/ Yoast SEO plugin. -->","yoast_head_json":{"title":"Galer\u00eda - Remolques Tocina","robots":{"index":"index","follow":"follow","max-snippet":"max-snippet:-1","max-image-preview":"max-image-preview:large","max-video-preview":"max-video-preview:-1"},"canonical":"https:\/\/remolquestocina.com\/?page_id=13","og_locale":"es_ES","og_type":"article","og_title":"Galer\u00eda - Remolques Tocina","og_description":"Calidad y confianza Bienvenido a nuestros remolques Descubre nuestra selecci\u00f3n de remolques dise\u00f1ados para cumplir con tus necesidades. Ofrecemos productos de alta calidad, perfectos para el transporte eficiente de veh\u00edculos. Estamos aqu\u00ed para ayudarte en cada paso del proceso para que encuentres la mejor opci\u00f3n. Cont\u00e1ctanos \u00daltimas novedades Solicite su Presupuesto Sin Compromiso Nuestros remolques [&hellip;]","og_url":"https:\/\/remolquestocina.com\/?page_id=13","og_site_name":"Remolques Tocina","article_modified_time":"2026-04-28T18:56:36+00:00","og_image":[{"width":149,"height":149,"url":"https:\/\/remolquestocina.com\/wp-content\/uploads\/2026\/03\/LOGO-RT.png","type":"image\/png"}],"twitter_card":"summary_large_image","twitter_misc":{"Tiempo de lectura":"1 minuto"},"schema":{"@context":"https:\/\/schema.org","@graph":[{"@type":"WebPage","@id":"https:\/\/remolquestocina.com\/?page_id=13","url":"https:\/\/remolquestocina.com\/?page_id=13","name":"Galer\u00eda - Remolques Tocina","isPartOf":{"@id":"https:\/\/remolquestocina.com\/#website"},"datePublished":"2026-03-16T17:55:58+00:00","dateModified":"2026-04-28T18:56:36+00:00","breadcrumb":{"@id":"https:\/\/remolquestocina.com\/?page_id=13#breadcrumb"},"inLanguage":"es","potentialAction":[{"@type":"ReadAction","target":["https:\/\/remolquestocina.com\/?page_id=13"]}]},{"@type":"BreadcrumbList","@id":"https:\/\/remolquestocina.com\/?page_id=13#breadcrumb","itemListElement":[{"@type":"ListItem","position":1,"name":"Portada","item":"https:\/\/remolquestocina.com\/"},{"@type":"ListItem","position":2,"name":"Galer\u00eda"}]},{"@type":"WebSite","@id":"https:\/\/remolquestocina.com\/#website","url":"https:\/\/remolquestocina.com\/","name":"Remolques Tocina","description":"Remolque de todo tipo a medida","publisher":{"@id":"https:\/\/remolquestocina.com\/#organization"},"potentialAction":[{"@type":"SearchAction","target":{"@type":"EntryPoint","urlTemplate":"https:\/\/remolquestocina.com\/?s={search_term_string}"},"query-input":{"@type":"PropertyValueSpecification","valueRequired":true,"valueName":"search_term_string"}}],"inLanguage":"es"},{"@type":"Organization","@id":"https:\/\/remolquestocina.com\/#organization","name":"Remolques Tocina","url":"https:\/\/remolquestocina.com\/","logo":{"@type":"ImageObject","inLanguage":"es","@id":"https:\/\/remolquestocina.com\/#\/schema\/logo\/image\/","url":"http:\/\/remolquestocina.com\/wp-content\/uploads\/2026\/03\/LogoFavicon.webp","contentUrl":"http:\/\/remolquestocina.com\/wp-content\/uploads\/2026\/03\/LogoFavicon.webp","width":740,"height":740,"caption":"Remolques Tocina"},"image":{"@id":"https:\/\/remolquestocina.com\/#\/schema\/logo\/image\/"},"sameAs":["https:\/\/www.instagram.com\/remolquestocina\/"]}]}},"_links":{"self":[{"href":"https:\/\/remolquestocina.com\/index.php?rest_route=\/wp\/v2\/pages\/13","targetHints":{"allow":["GET"]}}],"collection":[{"href":"https:\/\/remolquestocina.com\/index.php?rest_route=\/wp\/v2\/pages"}],"about":[{"href":"https:\/\/remolquestocina.com\/index.php?rest_route=\/wp\/v2\/types\/page"}],"author":[{"embeddable":true,"href":"https:\/\/remolquestocina.com\/index.php?rest_route=\/wp\/v2\/users\/1"}],"replies":[{"embeddable":true,"href":"https:\/\/remolquestocina.com\/index.php?rest_route=%2Fwp%2Fv2%2Fcomments&post=13"}],"version-history":[{"count":38,"href":"https:\/\/remolquestocina.com\/index.php?rest_route=\/wp\/v2\/pages\/13\/revisions"}],"predecessor-version":[{"id":527,"href":"https:\/\/remolquestocina.com\/index.php?rest_route=\/wp\/v2\/pages\/13\/revisions\/527"}],"wp:attachment":[{"href":"https:\/\/remolquestocina.com\/index.php?rest_route=%2Fwp%2Fv2%2Fmedia&parent=13"}],"curies":[{"name":"wp","href":"https:\/\/api.w.org\/{rel}","templated":true}]}}